{"id":4355,"date":"2023-01-17T16:33:01","date_gmt":"2023-01-17T16:33:01","guid":{"rendered":"https:\/\/labpap.com.mx\/sitio\/?page_id=4355"},"modified":"2023-02-02T16:13:29","modified_gmt":"2023-02-02T16:13:29","slug":"patologia-molecular","status":"publish","type":"page","link":"https:\/\/labpap.com.mx\/sitio\/patologia-molecular\/","title":{"rendered":"Patolog\u00eda Molecular"},"content":{"rendered":"<section class=\"wpb-content-wrapper\"><p>[vc_row wrap_container=&#8221;yes&#8221; css=&#8221;.vc_custom_1652506092127{padding-top: 39px !important;padding-bottom: 39px !important;}&#8221;][vc_column el_class=&#8221;order-lg-2&#8243; offset=&#8221;vc_col-lg-8 vc_col-md-8&#8243;][vc_custom_heading text=&#8221;En qu\u00e9 consiste&#8221; font_container=&#8221;tag:h3|text_align:left|line_height:42px&#8221; use_theme_fonts=&#8221;yes&#8221; font_weight=&#8221;700&#8243; skin=&#8221;secondary&#8221; animation_duration=&#8221;&#8221; animation_delay=&#8221;&#8221; el_class=&#8221;custom-font1 mb-4&#8243;][vc_custom_heading text=&#8221;Este tipo de an\u00e1lisis emplea t\u00e9cnicas de biolog\u00eda molecular para detectar y\/o identificar material gen\u00e9tico (ADN o ARN) en una muestra biol\u00f3gica.<\/p>\n<p>Adem\u00e1s, una prueba molecular permite personalizar el tratamiento de acuerdo al perfil gen\u00f3mico espec\u00edfico del tumor del paciente. Tambi\u00e9n ayudan a complementar el diagn\u00f3stico morfol\u00f3gico y determinar el pron\u00f3stico de la enfermedad. Estableciendo una predicci\u00f3n de respuesta y el seguimiento del paciente frente a terapias dirigidas.&#8221; font_container=&#8221;tag:p|text_align:left&#8221; use_theme_fonts=&#8221;yes&#8221; animation_duration=&#8221;&#8221; animation_delay=&#8221;&#8221; el_class=&#8221;pb-1 mb-3&#8243;][vc_single_image image=&#8221;4620&#8243; img_size=&#8221;full&#8221; alignment=&#8221;center&#8221; style=&#8221;vc_box_rounded&#8221;][vc_row_inner content_placement=&#8221;middle&#8221; animation_duration=&#8221;&#8221; animation_delay=&#8221;&#8221;][vc_column_inner width=&#8221;1\/2&#8243;][vc_custom_heading text=&#8221;En los siguientes tumores se pueden detectar alteraciones de genes&#8221; font_container=&#8221;tag:h3|font_size:19.6px%3B|text_align:left&#8221; use_theme_fonts=&#8221;yes&#8221; font_weight=&#8221;700&#8243; skin=&#8221;secondary&#8221; animation_duration=&#8221;&#8221; animation_delay=&#8221;&#8221; el_class=&#8221;custom-font1 mb-4&#8243;][vc_column_text css=&#8221;.vc_custom_1675354408773{margin-bottom: 20px !important;}&#8221;]<\/p>\n<ul class=\"list list-icons list-icons-style-2 list-icons-lg custom-list-style pb-1 mb-0\">\n<li style=\"list-style-type: none;\">\n<ul class=\"list list-icons list-icons-style-2 list-icons-lg custom-list-style pb-1 mb-0\">\n<li class=\"font-weight-semibold text-color-dark mb-3\"><i class=\"fas fa-check text-color-dark\"><\/i> Adenocarcinoma de pulm\u00f3n<\/li>\n<li class=\"font-weight-semibold text-color-dark mb-3\"><i class=\"fas fa-check text-color-dark\"><\/i> Melanoma<\/li>\n<li class=\"font-weight-semibold text-color-dark mb-3\"><i class=\"fas fa-check text-color-dark\"><\/i> Adenocarcinoma de colon y recto<\/li>\n<li class=\"font-weight-semibold text-color-dark mb-3\"><i class=\"fas fa-check text-color-dark\"><\/i> C\u00e1ncer de ovario<\/li>\n<li class=\"font-weight-semibold text-color-dark mb-3\"><i class=\"fas fa-check text-color-dark\"><\/i> C\u00e1ncer de mama<\/li>\n<li class=\"font-weight-semibold text-color-dark mb-3\"><i class=\"fas fa-check text-color-dark\"><\/i> C\u00e1ncer ginecol\u00f3gico (Endometrio, ovario y otros)<\/li>\n<li class=\"font-weight-semibold text-color-dark mb-3\"><i class=\"fas fa-check text-color-dark\"><\/i> Sarcomas<\/li>\n<li class=\"font-weight-semibold text-color-dark mb-3\"><i class=\"fas fa-check text-color-dark\"><\/i> Tumores de cabeza y cuello<\/li>\n<li class=\"font-weight-semibold text-color-dark mb-3\"><i class=\"fas fa-check text-color-dark\"><\/i> C\u00e1ncer cervico uterino<\/li>\n<\/ul>\n<\/li>\n<\/ul>\n<p>[\/vc_column_text][\/vc_column_inner][vc_column_inner width=&#8221;1\/2&#8243;][vc_single_image image=&#8221;4416&#8243; img_size=&#8221;full&#8221; alignment=&#8221;center&#8221; style=&#8221;vc_box_rounded&#8221;][\/vc_column_inner][\/vc_row_inner][vc_row_inner content_placement=&#8221;middle&#8221; animation_delay=&#8221;900&#8243;][vc_column_inner width=&#8221;1\/2&#8243;][vc_single_image image=&#8221;4392&#8243; img_size=&#8221;full&#8221; alignment=&#8221;center&#8221; style=&#8221;vc_box_rounded&#8221;][\/vc_column_inner][vc_column_inner width=&#8221;1\/2&#8243;][vc_custom_heading text=&#8221;Procedimiento de un estudio de patolog\u00eda molecular&#8221; font_container=&#8221;tag:h3|font_size:19.6px%3B|text_align:left&#8221; use_theme_fonts=&#8221;yes&#8221; font_weight=&#8221;700&#8243; skin=&#8221;secondary&#8221; animation_duration=&#8221;&#8221; animation_delay=&#8221;&#8221; el_class=&#8221;custom-font1 mb-4&#8243;][vc_column_text css=&#8221;.vc_custom_1675114155907{margin-bottom: 20px !important;}&#8221;]<\/p>\n<ol>\n<li><span style=\"font-weight: 400;\">Extracci\u00f3n de ADN o ARN a partir de c\u00e9lulas vivas o muestras fijadas.<\/span><\/li>\n<li><span style=\"font-weight: 400;\">Se aumenta la cantidad de material gen\u00e9tico mediante t\u00e9cnicas de amplificaci\u00f3n,. como la reacci\u00f3n en cadena de la polimerasa (PCR).<\/span><\/li>\n<li><span style=\"font-weight: 400;\">Se detecta la presencia del material gen\u00e9tico amplificado<\/span><\/li>\n<li><span style=\"font-weight: 400;\">Se interpretan los resultados de la prueba para determinar la presencia o ausencia de una enfermedad o condici\u00f3n espec\u00edfica.<\/span><\/li>\n<\/ol>\n<p>[\/vc_column_text][\/vc_column_inner][\/vc_row_inner][vc_custom_heading text=&#8221;Preparaci\u00f3n y cuidado de la muestra&#8221; font_container=&#8221;tag:h3|font_size:19.6px%3B|text_align:left&#8221; use_theme_fonts=&#8221;yes&#8221; font_weight=&#8221;700&#8243; skin=&#8221;secondary&#8221; animation_duration=&#8221;&#8221; animation_delay=&#8221;&#8221; el_class=&#8221;custom-font1 mb-4&#8243;][vc_column_text css=&#8221;.vc_custom_1675114772791{margin-bottom: 20px !important;}&#8221;]<span style=\"font-weight: 400;\">Debe ser mantenida a una temperatura adecuada (refrigerada o congelada) hasta su procesamiento. <\/span><span style=\"font-weight: 400;\">Debe ser etiquetada con informaci\u00f3n precisa, nombre del paciente, la fecha y la identificaci\u00f3n del sitio de la muestra.<\/span>[\/vc_column_text][vc_row_inner content_placement=&#8221;middle&#8221;][vc_column_inner width=&#8221;1\/2&#8243;][vc_custom_heading text=&#8221;Tipos de pruebas moleculares&#8221; font_container=&#8221;tag:h3|font_size:19.6px%3B|text_align:left&#8221; use_theme_fonts=&#8221;yes&#8221; font_weight=&#8221;700&#8243; skin=&#8221;secondary&#8221; animation_duration=&#8221;&#8221; animation_delay=&#8221;&#8221; el_class=&#8221;custom-font1 mb-4&#8243;]<div class=\"porto-sicon-box  wpb_custom_b41283fcdccef1290515d27f2d8c38b5 style_1 left-icon\"><div class=\"porto-sicon-body\"><div class=\"porto-sicon-header\"><h3 class=\"porto-sicon-title\" style=\"\">EGFR<\/h3><p>Detecci\u00f3n de mutaciones de los exones 18-21 de EGFR<\/p><\/div> <!-- header --><\/div><\/div><!-- porto-sicon-box --><div class=\"porto-sicon-box  wpb_custom_b41283fcdccef1290515d27f2d8c38b5 style_1 left-icon\"><div class=\"porto-sicon-body\"><div class=\"porto-sicon-header\"><h3 class=\"porto-sicon-title\" style=\"\">K-RAS<\/h3><p>Detecci\u00f3n de mutaciones en los codones 12 y 13 de KRAS<\/p><\/div> <!-- header --><\/div><\/div><!-- porto-sicon-box --><div class=\"porto-sicon-box  wpb_custom_b41283fcdccef1290515d27f2d8c38b5 style_1 left-icon\"><div class=\"porto-sicon-body\"><div class=\"porto-sicon-header\"><h3 class=\"porto-sicon-title\" style=\"\">B-RAF<\/h3><p>Detecci\u00f3n de la mutaci\u00f3n V600E de BRAF<\/p><\/div> <!-- header --><\/div><\/div><!-- porto-sicon-box --><div class=\"porto-sicon-box  wpb_custom_b41283fcdccef1290515d27f2d8c38b5 style_1 left-icon\"><div class=\"porto-sicon-body\"><div class=\"porto-sicon-header\"><h3 class=\"porto-sicon-title\" style=\"\">NRAS<\/h3><p>Detecci\u00f3n de alteraciones en los codones 12, 13 y 61 de NRAS<\/p><\/div> <!-- header --><\/div><\/div><!-- porto-sicon-box --><div class=\"porto-sicon-box  wpb_custom_b41283fcdccef1290515d27f2d8c38b5 style_1 left-icon\"><div class=\"porto-sicon-body\"><div class=\"porto-sicon-header\"><h3 class=\"porto-sicon-title\" style=\"\">ROS1<\/h3><p>Detecci\u00f3n de rearreglos del gen ROS1<\/p><\/div> <!-- header --><\/div><\/div><!-- porto-sicon-box --><div class=\"porto-sicon-box  wpb_custom_b41283fcdccef1290515d27f2d8c38b5 style_1 left-icon\"><div class=\"porto-sicon-body\"><div class=\"porto-sicon-header\"><h3 class=\"porto-sicon-title\" style=\"\">VPH 18<\/h3><p>Detecci\u00f3n y genotipificaci\u00f3n de VPH 18 genotipos de alto grado<\/p><\/div> <!-- header --><\/div><\/div><!-- porto-sicon-box -->[vc_custom_heading text=&#8221;Tiempo de entrega&#8221; font_container=&#8221;tag:h3|font_size:19.6px%3B|text_align:left&#8221; use_theme_fonts=&#8221;yes&#8221; font_weight=&#8221;700&#8243; skin=&#8221;secondary&#8221; animation_duration=&#8221;&#8221; animation_delay=&#8221;&#8221; el_class=&#8221;custom-font1 mb-4&#8243;][vc_column_text css=&#8221;.vc_custom_1675116014190{margin-bottom: 20px !important;}&#8221;]<span style=\"font-weight: 400;\">1 a 5 d\u00eda h\u00e1biles (Depender\u00e1 del tipo de prueba)<\/span>[\/vc_column_text][\/vc_column_inner][vc_column_inner width=&#8221;1\/2&#8243;][vc_single_image image=&#8221;4413&#8243; img_size=&#8221;full&#8221; alignment=&#8221;center&#8221; style=&#8221;vc_box_rounded&#8221;][\/vc_column_inner][\/vc_row_inner][\/vc_column][vc_column el_class=&#8221;card-section order-lg-1&#8243; offset=&#8221;vc_col-lg-4 vc_col-md-4&#8243;]<div class=\"porto-ultimate-content-box-container card py-5 mb-4\"><style>#porto_ucb_2386{will-change: box-shadow;box-shadow: none;}#porto_ucb_2386:hover{box-shadow:none}<\/style><div class=\"porto-ultimate-content-box vc_custom_1608701011494\" style=\"\" id=\"porto_ucb_2386\">[vc_wp_custommenu title=&#8221;Especialidades&#8221; nav_menu=&#8221;44&#8243; el_class=&#8221;mb-0 service-menu&#8221;]<\/div><\/div><div class=\"porto-u-heading card py-5 mb-0  wpb_custom_95aa9a11c17ad45cfabaf210d84ee7cc porto-u-9787\"><div class=\"porto-u-main-heading\"><h2   style=\"font-weight:700;color:#183f72;margin-bottom: 12px;font-size:1.8em;line-height:1;letter-spacing:-.05em;\">Agendar cita ahora<\/h2><\/div><div class=\"porto-u-sub-heading\" style=\"color: #777777;font-size:1.2em;line-height:26px;\"><span class=\"d-block custom-font1 pb-1 mb-4\">Completa el siguiente formulario y nos pondremos en contacto lo antes posible.<\/span>\n<div class=\"wpcf7 no-js\" id=\"wpcf7-f73-o1\" lang=\"en-US\" dir=\"ltr\">\n<div class=\"screen-reader-response\"><p role=\"status\" aria-live=\"polite\" aria-atomic=\"true\"><\/p> <ul><\/ul><\/div>\n<form action=\"\/sitio\/wp-json\/wp\/v2\/pages\/4355#wpcf7-f73-o1\" method=\"post\" class=\"wpcf7-form init\" aria-label=\"Contact form\" novalidate=\"novalidate\" data-status=\"init\">\n<div style=\"display: none;\">\n<input type=\"hidden\" name=\"_wpcf7\" value=\"73\" \/>\n<input type=\"hidden\" name=\"_wpcf7_version\" value=\"5.7.3\" \/>\n<input type=\"hidden\" name=\"_wpcf7_locale\" value=\"en_US\" \/>\n<input type=\"hidden\" name=\"_wpcf7_unit_tag\" value=\"wpcf7-f73-o1\" \/>\n<input type=\"hidden\" name=\"_wpcf7_container_post\" value=\"0\" \/>\n<input type=\"hidden\" name=\"_wpcf7_posted_data_hash\" value=\"\" \/>\n<\/div>\n<p><span class=\"wpcf7-form-control-wrap\" data-name=\"name\"><input size=\"40\" class=\"wpcf7-form-control wpcf7-text wpcf7-validates-as-required form-control\" aria-required=\"true\" aria-invalid=\"false\" placeholder=\"Nombre *\" value=\"\" type=\"text\" name=\"name\" \/><\/span><br \/>\n<span class=\"wpcf7-form-control-wrap\" data-name=\"phonenumber\"><input size=\"40\" class=\"wpcf7-form-control wpcf7-text wpcf7-validates-as-required form-control\" aria-required=\"true\" aria-invalid=\"false\" placeholder=\"Tel\u00e9fono *\" value=\"\" type=\"text\" name=\"phonenumber\" \/><\/span><br \/>\n<span class=\"wpcf7-form-control-wrap\" data-name=\"e-mail\"><input size=\"40\" class=\"wpcf7-form-control wpcf7-text wpcf7-email wpcf7-validates-as-required wpcf7-validates-as-email form-control\" aria-required=\"true\" aria-invalid=\"false\" placeholder=\"Correo electr\u00f3nico *\" value=\"\" type=\"email\" name=\"e-mail\" \/><\/span><br \/>\n<span class=\"wpcf7-form-control-wrap\" data-name=\"services\"><select class=\"wpcf7-form-control wpcf7-select wpcf7-validates-as-required form-control\" aria-required=\"true\" aria-invalid=\"false\" name=\"services\"><option value=\"Selecciona un servicio *\">Selecciona un servicio *<\/option><option value=\"Patolog\u00eda Quir\u00fargica\">Patolog\u00eda Quir\u00fargica<\/option><option value=\"Patolog\u00eda Molecular\">Patolog\u00eda Molecular<\/option><option value=\"Inmunohistoqu\u00edmica\">Inmunohistoqu\u00edmica<\/option><option value=\"Citopatolog\u00eda\">Citopatolog\u00eda<\/option><\/select><\/span><br \/>\n<input class=\"wpcf7-form-control has-spinner wpcf7-submit btn btn-primary btn-modern font-weight-bold text-3 px-5 py-3\" type=\"submit\" value=\"ENVIAR DATOS\" \/>\n<\/p><p style=\"display: none !important;\"><label>&#916;<textarea name=\"_wpcf7_ak_hp_textarea\" cols=\"45\" rows=\"8\" maxlength=\"100\"><\/textarea><\/label><input type=\"hidden\" id=\"ak_js_1\" name=\"_wpcf7_ak_js\" value=\"235\"\/><script>document.getElementById( \"ak_js_1\" ).setAttribute( \"value\", ( new Date() ).getTime() );<\/script><\/p><div class=\"wpcf7-response-output\" aria-hidden=\"true\"><\/div>\n<\/form>\n<\/div>\n<\/div><style>.porto-u-9787.porto-u-heading{text-align:left}<\/style><\/div>[\/vc_column][\/vc_row]<\/p>\n<\/section>","protected":false},"excerpt":{"rendered":"<p>[vc_row wrap_container=&#8221;yes&#8221; css=&#8221;.vc_custom_1652506092127{padding-top: 39px !important;padding-bottom: 39px !important;}&#8221;][vc_column el_class=&#8221;order-lg-2&#8243; offset=&#8221;vc_col-lg-8 vc_col-md-8&#8243;][vc_custom_heading text=&#8221;En qu\u00e9 consiste&#8221; font_container=&#8221;tag:h3|text_align:left|line_height:42px&#8221; use_theme_fonts=&#8221;yes&#8221; font_weight=&#8221;700&#8243; skin=&#8221;secondary&#8221; animation_duration=&#8221;&#8221; animation_delay=&#8221;&#8221; el_class=&#8221;custom-font1 mb-4&#8243;][vc_custom_heading text=&#8221;Este tipo de an\u00e1lisis emplea t\u00e9cnicas de biolog\u00eda molecular para detectar y\/o identificar material gen\u00e9tico (ADN o ARN) en una muestra biol\u00f3gica. Adem\u00e1s, una prueba molecular permite personalizar el tratamiento de acuerdo al perfil [&hellip;]<\/p>\n","protected":false},"author":1,"featured_media":0,"parent":0,"menu_order":0,"comment_status":"closed","ping_status":"closed","template":"","meta":[],"acf":[],"yoast_head":"<!-- This site is optimized with the Yoast SEO plugin v20.1 - https:\/\/yoast.com\/wordpress\/plugins\/seo\/ -->\n<title>Patolog\u00eda Molecular - LABPAP<\/title>\n<meta name=\"robots\" content=\"index, follow, max-snippet:-1, max-image-preview:large, max-video-preview:-1\" \/>\n<link rel=\"canonical\" href=\"https:\/\/labpap.com.mx\/sitio\/patologia-molecular\/\" \/>\n<meta property=\"og:locale\" content=\"es_MX\" \/>\n<meta property=\"og:type\" content=\"article\" \/>\n<meta property=\"og:title\" content=\"Patolog\u00eda Molecular - LABPAP\" \/>\n<meta property=\"og:description\" content=\"[vc_row wrap_container=&#8221;yes&#8221; css=&#8221;.vc_custom_1652506092127{padding-top: 39px !important;padding-bottom: 39px !important;}&#8221;][vc_column el_class=&#8221;order-lg-2&#8243; offset=&#8221;vc_col-lg-8 vc_col-md-8&#8243;][vc_custom_heading text=&#8221;En qu\u00e9 consiste&#8221; font_container=&#8221;tag:h3|text_align:left|line_height:42px&#8221; use_theme_fonts=&#8221;yes&#8221; font_weight=&#8221;700&#8243; skin=&#8221;secondary&#8221; animation_duration=&#8221;&#8221; animation_delay=&#8221;&#8221; el_class=&#8221;custom-font1 mb-4&#8243;][vc_custom_heading text=&#8221;Este tipo de an\u00e1lisis emplea t\u00e9cnicas de biolog\u00eda molecular para detectar y\/o identificar material gen\u00e9tico (ADN o ARN) en una muestra biol\u00f3gica. Adem\u00e1s, una prueba molecular permite personalizar el tratamiento de acuerdo al perfil [&hellip;]\" \/>\n<meta property=\"og:url\" content=\"https:\/\/labpap.com.mx\/sitio\/patologia-molecular\/\" \/>\n<meta property=\"og:site_name\" content=\"LABPAP\" \/>\n<meta property=\"article:publisher\" content=\"https:\/\/www.facebook.com\/labpapmexico\" \/>\n<meta property=\"article:modified_time\" content=\"2023-02-02T16:13:29+00:00\" \/>\n<meta name=\"twitter:card\" content=\"summary_large_image\" \/>\n<meta name=\"twitter:label1\" content=\"Est. reading time\" \/>\n\t<meta name=\"twitter:data1\" content=\"3 minutos\" \/>\n<script type=\"application\/ld+json\" class=\"yoast-schema-graph\">{\"@context\":\"https:\/\/schema.org\",\"@graph\":[{\"@type\":\"WebPage\",\"@id\":\"https:\/\/labpap.com.mx\/sitio\/patologia-molecular\/\",\"url\":\"https:\/\/labpap.com.mx\/sitio\/patologia-molecular\/\",\"name\":\"Patolog\u00eda Molecular - LABPAP\",\"isPartOf\":{\"@id\":\"https:\/\/labpap.com.mx\/sitio\/#website\"},\"datePublished\":\"2023-01-17T16:33:01+00:00\",\"dateModified\":\"2023-02-02T16:13:29+00:00\",\"breadcrumb\":{\"@id\":\"https:\/\/labpap.com.mx\/sitio\/patologia-molecular\/#breadcrumb\"},\"inLanguage\":\"es-MX\",\"potentialAction\":[{\"@type\":\"ReadAction\",\"target\":[\"https:\/\/labpap.com.mx\/sitio\/patologia-molecular\/\"]}]},{\"@type\":\"BreadcrumbList\",\"@id\":\"https:\/\/labpap.com.mx\/sitio\/patologia-molecular\/#breadcrumb\",\"itemListElement\":[{\"@type\":\"ListItem\",\"position\":1,\"name\":\"Inicio\",\"item\":\"https:\/\/labpap.com.mx\/sitio\/\"},{\"@type\":\"ListItem\",\"position\":2,\"name\":\"Patolog\u00eda Molecular\"}]},{\"@type\":\"WebSite\",\"@id\":\"https:\/\/labpap.com.mx\/sitio\/#website\",\"url\":\"https:\/\/labpap.com.mx\/sitio\/\",\"name\":\"LABPAP\",\"description\":\"Pat\u00f3logos Asociados del Pedregal\",\"publisher\":{\"@id\":\"https:\/\/labpap.com.mx\/sitio\/#organization\"},\"potentialAction\":[{\"@type\":\"SearchAction\",\"target\":{\"@type\":\"EntryPoint\",\"urlTemplate\":\"https:\/\/labpap.com.mx\/sitio\/?s={search_term_string}\"},\"query-input\":\"required name=search_term_string\"}],\"inLanguage\":\"es-MX\"},{\"@type\":\"Organization\",\"@id\":\"https:\/\/labpap.com.mx\/sitio\/#organization\",\"name\":\"P\u00e1tologos Asociados del Pedregal\",\"url\":\"https:\/\/labpap.com.mx\/sitio\/\",\"logo\":{\"@type\":\"ImageObject\",\"inLanguage\":\"es-MX\",\"@id\":\"https:\/\/labpap.com.mx\/sitio\/#\/schema\/logo\/image\/\",\"url\":\"https:\/\/labpap.com.mx\/sitio\/wp-content\/uploads\/2023\/01\/Logotipo-LABPAP-240px.png\",\"contentUrl\":\"https:\/\/labpap.com.mx\/sitio\/wp-content\/uploads\/2023\/01\/Logotipo-LABPAP-240px.png\",\"width\":240,\"height\":54,\"caption\":\"P\u00e1tologos Asociados del Pedregal\"},\"image\":{\"@id\":\"https:\/\/labpap.com.mx\/sitio\/#\/schema\/logo\/image\/\"},\"sameAs\":[\"https:\/\/www.facebook.com\/labpapmexico\",\"https:\/\/www.instagram.com\/labpapmx\"]}]}<\/script>\n<!-- \/ Yoast SEO plugin. -->","yoast_head_json":{"title":"Patolog\u00eda Molecular - LABPAP","robots":{"index":"index","follow":"follow","max-snippet":"max-snippet:-1","max-image-preview":"max-image-preview:large","max-video-preview":"max-video-preview:-1"},"canonical":"https:\/\/labpap.com.mx\/sitio\/patologia-molecular\/","og_locale":"es_MX","og_type":"article","og_title":"Patolog\u00eda Molecular - LABPAP","og_description":"[vc_row wrap_container=&#8221;yes&#8221; css=&#8221;.vc_custom_1652506092127{padding-top: 39px !important;padding-bottom: 39px !important;}&#8221;][vc_column el_class=&#8221;order-lg-2&#8243; offset=&#8221;vc_col-lg-8 vc_col-md-8&#8243;][vc_custom_heading text=&#8221;En qu\u00e9 consiste&#8221; font_container=&#8221;tag:h3|text_align:left|line_height:42px&#8221; use_theme_fonts=&#8221;yes&#8221; font_weight=&#8221;700&#8243; skin=&#8221;secondary&#8221; animation_duration=&#8221;&#8221; animation_delay=&#8221;&#8221; el_class=&#8221;custom-font1 mb-4&#8243;][vc_custom_heading text=&#8221;Este tipo de an\u00e1lisis emplea t\u00e9cnicas de biolog\u00eda molecular para detectar y\/o identificar material gen\u00e9tico (ADN o ARN) en una muestra biol\u00f3gica. Adem\u00e1s, una prueba molecular permite personalizar el tratamiento de acuerdo al perfil [&hellip;]","og_url":"https:\/\/labpap.com.mx\/sitio\/patologia-molecular\/","og_site_name":"LABPAP","article_publisher":"https:\/\/www.facebook.com\/labpapmexico","article_modified_time":"2023-02-02T16:13:29+00:00","twitter_card":"summary_large_image","twitter_misc":{"Est. reading time":"3 minutos"},"schema":{"@context":"https:\/\/schema.org","@graph":[{"@type":"WebPage","@id":"https:\/\/labpap.com.mx\/sitio\/patologia-molecular\/","url":"https:\/\/labpap.com.mx\/sitio\/patologia-molecular\/","name":"Patolog\u00eda Molecular - LABPAP","isPartOf":{"@id":"https:\/\/labpap.com.mx\/sitio\/#website"},"datePublished":"2023-01-17T16:33:01+00:00","dateModified":"2023-02-02T16:13:29+00:00","breadcrumb":{"@id":"https:\/\/labpap.com.mx\/sitio\/patologia-molecular\/#breadcrumb"},"inLanguage":"es-MX","potentialAction":[{"@type":"ReadAction","target":["https:\/\/labpap.com.mx\/sitio\/patologia-molecular\/"]}]},{"@type":"BreadcrumbList","@id":"https:\/\/labpap.com.mx\/sitio\/patologia-molecular\/#breadcrumb","itemListElement":[{"@type":"ListItem","position":1,"name":"Inicio","item":"https:\/\/labpap.com.mx\/sitio\/"},{"@type":"ListItem","position":2,"name":"Patolog\u00eda Molecular"}]},{"@type":"WebSite","@id":"https:\/\/labpap.com.mx\/sitio\/#website","url":"https:\/\/labpap.com.mx\/sitio\/","name":"LABPAP","description":"Pat\u00f3logos Asociados del Pedregal","publisher":{"@id":"https:\/\/labpap.com.mx\/sitio\/#organization"},"potentialAction":[{"@type":"SearchAction","target":{"@type":"EntryPoint","urlTemplate":"https:\/\/labpap.com.mx\/sitio\/?s={search_term_string}"},"query-input":"required name=search_term_string"}],"inLanguage":"es-MX"},{"@type":"Organization","@id":"https:\/\/labpap.com.mx\/sitio\/#organization","name":"P\u00e1tologos Asociados del Pedregal","url":"https:\/\/labpap.com.mx\/sitio\/","logo":{"@type":"ImageObject","inLanguage":"es-MX","@id":"https:\/\/labpap.com.mx\/sitio\/#\/schema\/logo\/image\/","url":"https:\/\/labpap.com.mx\/sitio\/wp-content\/uploads\/2023\/01\/Logotipo-LABPAP-240px.png","contentUrl":"https:\/\/labpap.com.mx\/sitio\/wp-content\/uploads\/2023\/01\/Logotipo-LABPAP-240px.png","width":240,"height":54,"caption":"P\u00e1tologos Asociados del Pedregal"},"image":{"@id":"https:\/\/labpap.com.mx\/sitio\/#\/schema\/logo\/image\/"},"sameAs":["https:\/\/www.facebook.com\/labpapmexico","https:\/\/www.instagram.com\/labpapmx"]}]}},"_links":{"self":[{"href":"https:\/\/labpap.com.mx\/sitio\/wp-json\/wp\/v2\/pages\/4355"}],"collection":[{"href":"https:\/\/labpap.com.mx\/sitio\/wp-json\/wp\/v2\/pages"}],"about":[{"href":"https:\/\/labpap.com.mx\/sitio\/wp-json\/wp\/v2\/types\/page"}],"author":[{"embeddable":true,"href":"https:\/\/labpap.com.mx\/sitio\/wp-json\/wp\/v2\/users\/1"}],"replies":[{"embeddable":true,"href":"https:\/\/labpap.com.mx\/sitio\/wp-json\/wp\/v2\/comments?post=4355"}],"version-history":[{"count":22,"href":"https:\/\/labpap.com.mx\/sitio\/wp-json\/wp\/v2\/pages\/4355\/revisions"}],"predecessor-version":[{"id":4637,"href":"https:\/\/labpap.com.mx\/sitio\/wp-json\/wp\/v2\/pages\/4355\/revisions\/4637"}],"wp:attachment":[{"href":"https:\/\/labpap.com.mx\/sitio\/wp-json\/wp\/v2\/media?parent=4355"}],"curies":[{"name":"wp","href":"https:\/\/api.w.org\/{rel}","templated":true}]}}