{"id":4360,"date":"2023-01-17T16:46:19","date_gmt":"2023-01-17T16:46:19","guid":{"rendered":"https:\/\/labpap.com.mx\/sitio\/?page_id=4360"},"modified":"2023-02-03T19:13:44","modified_gmt":"2023-02-03T19:13:44","slug":"inmunohistoquimica","status":"publish","type":"page","link":"https:\/\/labpap.com.mx\/sitio\/inmunohistoquimica\/","title":{"rendered":"Inmunohistoqu\u00edmica"},"content":{"rendered":"<section class=\"wpb-content-wrapper\"><p>[vc_row wrap_container=&#8221;yes&#8221; css=&#8221;.vc_custom_1652506092127{padding-top: 39px !important;padding-bottom: 39px !important;}&#8221;][vc_column el_class=&#8221;order-lg-2&#8243; offset=&#8221;vc_col-lg-8 vc_col-md-8&#8243;][vc_custom_heading text=&#8221;En que consiste&#8221; font_container=&#8221;tag:h3|text_align:left|line_height:42px&#8221; use_theme_fonts=&#8221;yes&#8221; font_weight=&#8221;700&#8243; skin=&#8221;secondary&#8221; animation_duration=&#8221;&#8221; animation_delay=&#8221;&#8221; el_class=&#8221;custom-font1 mb-4&#8243;][vc_column_text css=&#8221;.vc_custom_1675116624290{margin-bottom: 20px !important;}&#8221;]<span style=\"font-weight: 400;\">Este tipo de prueba consiste en una t\u00e9cnica de an\u00e1lisis de tejidos, donde a trav\u00e9s del uso de anticuerpos espec\u00edficos se identifican prote\u00ednas o ant\u00edgenos espec\u00edficos.<\/span><\/p>\n<p><span style=\"font-weight: 400;\">Su resultado permite diagnosticar enfermedades, evaluar la progresi\u00f3n y la respuesta al tratamiento de un paciente.<\/span>[\/vc_column_text][vc_row_inner content_placement=&#8221;middle&#8221; animation_duration=&#8221;&#8221; animation_delay=&#8221;&#8221;][vc_column_inner width=&#8221;1\/2&#8243;][vc_custom_heading text=&#8221;Tipos de estudios que realizamos&#8221; font_container=&#8221;tag:h3|font_size:19.6px|text_align:left|line_height:42px&#8221; use_theme_fonts=&#8221;yes&#8221; font_weight=&#8221;700&#8243; skin=&#8221;secondary&#8221; animation_duration=&#8221;&#8221; animation_delay=&#8221;&#8221; el_class=&#8221;custom-font1 mb-4&#8243;][vc_column_text css=&#8221;.vc_custom_1675355256480{margin-bottom: 20px !important;}&#8221;]<\/p>\n<ul class=\"list list-icons list-icons-style-2 list-icons-lg custom-list-style pb-1 mb-0\">\n<li class=\"font-weight-semibold text-color-dark mb-3\"><i class=\"fas fa-check text-color-dark\"><\/i> Receptores Hormonales<\/li>\n<li class=\"font-weight-semibold text-color-dark mb-3\"><i class=\"fas fa-check text-color-dark\"><\/i> Panel completo c\u00e1ncer de mama (RE, RP, Her2 y Ki67)<\/li>\n<li class=\"font-weight-semibold text-color-dark mb-3\"><i class=\"fas fa-check text-color-dark\"><\/i> Panel completo de primario desconocido (6-7 anticuerpos)<\/li>\n<li class=\"font-weight-semibold text-color-dark mb-3\"><i class=\"fas fa-check text-color-dark\"><\/i> Panel completo para Linfoma, Leucemia y Mieloma m\u00faltiple (6-7 anticuerpos)<\/li>\n<li class=\"font-weight-semibold text-color-dark mb-3\"><i class=\"fas fa-check text-color-dark\"><\/i> Panel completo de sarcomas: Ewing, rabdomiosarcoma, leiomiosarcoma<i class=\"fas fa-check text-color-dark\"><\/i><\/li>\n<li class=\"font-weight-semibold text-color-dark mb-3\"><i class=\"fas fa-check text-color-dark\"><\/i>Inestabilidad microsatelital para c\u00e1ncer de colon y otro tumores<\/li>\n<\/ul>\n<p>&nbsp;[\/vc_column_text][\/vc_column_inner][vc_column_inner width=&#8221;1\/2&#8243;][vc_single_image image=&#8221;4672&#8243; img_size=&#8221;full&#8221; alignment=&#8221;center&#8221; style=&#8221;vc_box_rounded&#8221;][\/vc_column_inner][\/vc_row_inner][vc_empty_space height=&#8221;8px&#8221;][vc_row_inner content_placement=&#8221;middle&#8221; animation_delay=&#8221;900&#8243;][vc_column_inner width=&#8221;1\/2&#8243;][vc_single_image image=&#8221;4622&#8243; img_size=&#8221;full&#8221; alignment=&#8221;center&#8221; style=&#8221;vc_box_rounded&#8221;][vc_single_image image=&#8221;4623&#8243; img_size=&#8221;full&#8221; alignment=&#8221;center&#8221; style=&#8221;vc_box_rounded&#8221;][\/vc_column_inner][vc_column_inner width=&#8221;1\/2&#8243;][vc_custom_heading text=&#8221;Procedimiento de un estudio de Inmunohistoqu\u00edmica&#8221; font_container=&#8221;tag:h3|font_size:19.6px|text_align:left&#8221; use_theme_fonts=&#8221;yes&#8221; font_weight=&#8221;700&#8243; skin=&#8221;secondary&#8221; animation_duration=&#8221;&#8221; animation_delay=&#8221;&#8221; el_class=&#8221;custom-font1 mb-4&#8243;][vc_column_text css=&#8221;.vc_custom_1675117307031{margin-bottom: 20px !important;}&#8221;]<\/p>\n<ol>\n<li><span style=\"font-weight: 400;\">Se fija la muestra de tejido y se corta en secciones delgadas.<br \/>\n<\/span><\/li>\n<li><span style=\"font-weight: 400;\">La secci\u00f3n de tejido se fija en un portaobjeto y se mantiene en una soluci\u00f3n de conservaci\u00f3n.<\/span><\/li>\n<li><span style=\"font-weight: 400;\">Se remueve el material no celular y se desnaturaliza la prote\u00edna de la c\u00e9lula.<\/span><\/li>\n<li><span style=\"font-weight: 400;\">Se utiliza un bloqueador para prevenir la uni\u00f3n no espec\u00edfica de anticuerpos.<\/span><\/li>\n<li><span style=\"font-weight: 400;\">Se aplica un anticuerpo primario espec\u00edfico para el ant\u00edgeno de inter\u00e9s y se incuba para permitir la uni\u00f3n.<\/span><\/li>\n<li><span style=\"font-weight: 400;\">Se usa un conjugado de anticuerpo secundario con una enzima que produce un producto detectable.<\/span><\/li>\n<li><span style=\"font-weight: 400;\">Se utiliza un sustrato para la enzima y se visualiza la coloraci\u00f3n.<\/span><\/li>\n<li><span style=\"font-weight: 400;\">Se eval\u00faa la distribuci\u00f3n y la intensidad de la coloraci\u00f3n para determinar la presencia y la localizaci\u00f3n del ant\u00edgeno.<\/span><\/li>\n<\/ol>\n<p>[\/vc_column_text][\/vc_column_inner][\/vc_row_inner][vc_row_inner][vc_column_inner][vc_custom_heading text=&#8221;Preparaci\u00f3n y cuidado de la muestra&#8221; font_container=&#8221;tag:h3|font_size:19.6px|text_align:left&#8221; use_theme_fonts=&#8221;yes&#8221; font_weight=&#8221;700&#8243; skin=&#8221;secondary&#8221; animation_duration=&#8221;&#8221; animation_delay=&#8221;&#8221; el_class=&#8221;custom-font1 mb-4&#8243;][\/vc_column_inner][\/vc_row_inner][vc_custom_heading text=&#8221;La muestra de tejido debe ser almacenada en un recipiente adecuado. Como un frasco de formalina, y mantenerse en un ambiente fresco y oscuro hasta que se procese.<\/p>\n<p>Al transportarla se deben tomar medidas para proteger la muestra de la luz y la temperatura.<\/p>\n<p>El tiempo m\u00e1ximo de almacenamiento de la muestra puede variar dependiendo del tipo de tejido y la soluci\u00f3n de fijaci\u00f3n utilizada.<\/p>\n<p>Debe estar identificada claramente con el nombre del paciente, la fecha de recolecci\u00f3n y cualquier otra informaci\u00f3n relevante.&#8221; font_container=&#8221;tag:p|text_align:left&#8221; use_theme_fonts=&#8221;yes&#8221; animation_duration=&#8221;&#8221; animation_delay=&#8221;&#8221; el_class=&#8221;pb-1 mb-3&#8243;][vc_custom_heading text=&#8221;Estudios&#8221; font_container=&#8221;tag:h3|font_size:19.6px|text_align:left|line_height:42px&#8221; use_theme_fonts=&#8221;yes&#8221; font_weight=&#8221;700&#8243; skin=&#8221;secondary&#8221; animation_duration=&#8221;&#8221; animation_delay=&#8221;&#8221; el_class=&#8221;custom-font1 mb-4&#8243;][vc_row_inner][vc_column_inner width=&#8221;1\/2&#8243;][vc_column_text css=&#8221;.vc_custom_1675449560317{margin-bottom: 20px !important;}&#8221;]<\/p>\n<ul class=\"list list-icons list-icons-style-2 list-icons-lg custom-list-style pb-1 mb-0\">\n<li class=\"font-weight-semibold text-color-dark mb-3\"><i class=\"fas fa-check text-color-dark\"><\/i> Diagn\u00f3stico e inmunofenotipo de linfomas (CD20, CD3, BLC2, BCL6, CD10, MUM1, C-MYC, CD5, CD43, CD23, CLICLINA D1, Ki67)<\/li>\n<li class=\"font-weight-semibold text-color-dark mb-3\"><i class=\"fas fa-check text-color-dark\"><\/i> Diagn\u00f3stico de linfoma de Hodgkin (CD15, Pax5, LMP1, CD20, CD3)<\/li>\n<li class=\"font-weight-semibold text-color-dark mb-3\"><i class=\"fas fa-check text-color-dark\"><\/i> Diagn\u00f3stico mieloma m\u00faltiple ( CD138, KAPPA, LAMBDA, CD56)<\/li>\n<li class=\"font-weight-semibold text-color-dark mb-3\"><i class=\"fas fa-check text-color-dark\"><\/i> Estudio de inestabilidad microsatelital en c\u00e1ncer de colon, c\u00e1ncer de endometrio y otros ( MLH1, PMS2, MSH2, MSH6)<\/li>\n<\/ul>\n<p>[\/vc_column_text][\/vc_column_inner][vc_column_inner width=&#8221;1\/2&#8243;][vc_column_text css=&#8221;.vc_custom_1675449670470{margin-bottom: 20px !important;}&#8221;]<\/p>\n<ul class=\"list list-icons list-icons-style-2 list-icons-lg custom-list-style pb-1 mb-0\">\n<li class=\"font-weight-semibold text-color-dark mb-3\"><i class=\"fas fa-check text-color-dark\"><\/i> Detecci\u00f3n del gen de fusi\u00f3n NTRK para sarcomas y otras neoplasias s\u00f3lidas<\/li>\n<li class=\"font-weight-semibold text-color-dark mb-3\"><i class=\"fas fa-check text-color-dark\"><\/i> Diagn\u00f3stico de neoplasias de origen desconocido (CK, CK20, CK7, CA19-9, CA125, TTF1, NAPSIN-A, CROMOGRANIN-A, SINAPTOFISINA, CALRETININA, Pax8, GATA3)<\/li>\n<li class=\"font-weight-semibold text-color-dark mb-3\"><i class=\"fas fa-check text-color-dark\"><\/i> Marcadores espec\u00edficos en tumores testiculares ( AFP, FOSFATASA ALCALINA, HGC, CD117, CK, CD30, OCT2, BOB1)<\/li>\n<li class=\"font-weight-semibold text-color-dark mb-3\"><i class=\"fas fa-check text-color-dark\"><\/i> Marcadores espec\u00edficos en tumores ginecol\u00f3gicos ( P16, INHIBINA, P53, MLH1, PMS2, MHS2, MSH6 y otros)<\/li>\n<\/ul>\n<p>[\/vc_column_text][\/vc_column_inner][\/vc_row_inner][vc_row_inner][vc_column_inner width=&#8221;1\/2&#8243;][vc_single_image image=&#8221;4713&#8243; img_size=&#8221;full&#8221; alignment=&#8221;center&#8221; style=&#8221;vc_box_rounded&#8221; label=&#8221;&#8221;][\/vc_column_inner][vc_column_inner width=&#8221;1\/2&#8243;][vc_single_image image=&#8221;4711&#8243; img_size=&#8221;full&#8221; alignment=&#8221;center&#8221; style=&#8221;vc_box_rounded&#8221;][\/vc_column_inner][\/vc_row_inner][\/vc_column][vc_column el_class=&#8221;card-section order-lg-1&#8243; offset=&#8221;vc_col-lg-4 vc_col-md-4&#8243;]<div class=\"porto-ultimate-content-box-container card py-5 mb-4\"><style>#porto_ucb_2477{will-change: box-shadow;box-shadow: none;}#porto_ucb_2477:hover{box-shadow:none}<\/style><div class=\"porto-ultimate-content-box vc_custom_1608701011494\" style=\"\" id=\"porto_ucb_2477\">[vc_wp_custommenu title=&#8221;Especialidades&#8221; nav_menu=&#8221;44&#8243; el_class=&#8221;mb-0 service-menu&#8221;]<\/div><\/div><div class=\"porto-u-heading card py-5 mb-0  wpb_custom_95aa9a11c17ad45cfabaf210d84ee7cc porto-u-5935\"><div class=\"porto-u-main-heading\"><h2   style=\"font-weight:700;color:#183f72;margin-bottom: 12px;font-size:1.8em;line-height:1;letter-spacing:-.05em;\">Agendar cita ahora<\/h2><\/div><div class=\"porto-u-sub-heading\" style=\"color: #777777;font-size:1.2em;line-height:26px;\"><span class=\"d-block custom-font1 pb-1 mb-4\">Completa el siguiente formulario y nos pondremos en contacto lo antes posible.<\/span>\n<div class=\"wpcf7 no-js\" id=\"wpcf7-f73-o1\" lang=\"en-US\" dir=\"ltr\">\n<div class=\"screen-reader-response\"><p role=\"status\" aria-live=\"polite\" aria-atomic=\"true\"><\/p> <ul><\/ul><\/div>\n<form action=\"\/sitio\/wp-json\/wp\/v2\/pages\/4360#wpcf7-f73-o1\" method=\"post\" class=\"wpcf7-form init\" aria-label=\"Contact form\" novalidate=\"novalidate\" data-status=\"init\">\n<div style=\"display: none;\">\n<input type=\"hidden\" name=\"_wpcf7\" value=\"73\" \/>\n<input type=\"hidden\" name=\"_wpcf7_version\" value=\"5.7.3\" \/>\n<input type=\"hidden\" name=\"_wpcf7_locale\" value=\"en_US\" \/>\n<input type=\"hidden\" name=\"_wpcf7_unit_tag\" value=\"wpcf7-f73-o1\" \/>\n<input type=\"hidden\" name=\"_wpcf7_container_post\" value=\"0\" \/>\n<input type=\"hidden\" name=\"_wpcf7_posted_data_hash\" value=\"\" \/>\n<\/div>\n<p><span class=\"wpcf7-form-control-wrap\" data-name=\"name\"><input size=\"40\" class=\"wpcf7-form-control wpcf7-text wpcf7-validates-as-required form-control\" aria-required=\"true\" aria-invalid=\"false\" placeholder=\"Nombre *\" value=\"\" type=\"text\" name=\"name\" \/><\/span><br \/>\n<span class=\"wpcf7-form-control-wrap\" data-name=\"phonenumber\"><input size=\"40\" class=\"wpcf7-form-control wpcf7-text wpcf7-validates-as-required form-control\" aria-required=\"true\" aria-invalid=\"false\" placeholder=\"Tel\u00e9fono *\" value=\"\" type=\"text\" name=\"phonenumber\" \/><\/span><br \/>\n<span class=\"wpcf7-form-control-wrap\" data-name=\"e-mail\"><input size=\"40\" class=\"wpcf7-form-control wpcf7-text wpcf7-email wpcf7-validates-as-required wpcf7-validates-as-email form-control\" aria-required=\"true\" aria-invalid=\"false\" placeholder=\"Correo electr\u00f3nico *\" value=\"\" type=\"email\" name=\"e-mail\" \/><\/span><br \/>\n<span class=\"wpcf7-form-control-wrap\" data-name=\"services\"><select class=\"wpcf7-form-control wpcf7-select wpcf7-validates-as-required form-control\" aria-required=\"true\" aria-invalid=\"false\" name=\"services\"><option value=\"Selecciona un servicio *\">Selecciona un servicio *<\/option><option value=\"Patolog\u00eda Quir\u00fargica\">Patolog\u00eda Quir\u00fargica<\/option><option value=\"Patolog\u00eda Molecular\">Patolog\u00eda Molecular<\/option><option value=\"Inmunohistoqu\u00edmica\">Inmunohistoqu\u00edmica<\/option><option value=\"Citopatolog\u00eda\">Citopatolog\u00eda<\/option><\/select><\/span><br \/>\n<input class=\"wpcf7-form-control has-spinner wpcf7-submit btn btn-primary btn-modern font-weight-bold text-3 px-5 py-3\" type=\"submit\" value=\"ENVIAR DATOS\" \/>\n<\/p><p style=\"display: none !important;\"><label>&#916;<textarea name=\"_wpcf7_ak_hp_textarea\" cols=\"45\" rows=\"8\" maxlength=\"100\"><\/textarea><\/label><input type=\"hidden\" id=\"ak_js_1\" name=\"_wpcf7_ak_js\" value=\"188\"\/><script>document.getElementById( \"ak_js_1\" ).setAttribute( \"value\", ( new Date() ).getTime() );<\/script><\/p><div class=\"wpcf7-response-output\" aria-hidden=\"true\"><\/div>\n<\/form>\n<\/div>\n<\/div><style>.porto-u-5935.porto-u-heading{text-align:left}<\/style><\/div>[\/vc_column][\/vc_row]<\/p>\n<\/section>","protected":false},"excerpt":{"rendered":"<p>[vc_row wrap_container=&#8221;yes&#8221; css=&#8221;.vc_custom_1652506092127{padding-top: 39px !important;padding-bottom: 39px !important;}&#8221;][vc_column el_class=&#8221;order-lg-2&#8243; offset=&#8221;vc_col-lg-8 vc_col-md-8&#8243;][vc_custom_heading text=&#8221;En que consiste&#8221; font_container=&#8221;tag:h3|text_align:left|line_height:42px&#8221; use_theme_fonts=&#8221;yes&#8221; font_weight=&#8221;700&#8243; skin=&#8221;secondary&#8221; animation_duration=&#8221;&#8221; animation_delay=&#8221;&#8221; el_class=&#8221;custom-font1 mb-4&#8243;][vc_column_text css=&#8221;.vc_custom_1675116624290{margin-bottom: 20px !important;}&#8221;]Este tipo de prueba consiste en una t\u00e9cnica de an\u00e1lisis de tejidos, donde a trav\u00e9s del uso de anticuerpos espec\u00edficos se identifican prote\u00ednas o ant\u00edgenos espec\u00edficos. Su resultado permite diagnosticar enfermedades, evaluar [&hellip;]<\/p>\n","protected":false},"author":1,"featured_media":0,"parent":0,"menu_order":0,"comment_status":"closed","ping_status":"closed","template":"","meta":[],"acf":[],"yoast_head":"<!-- This site is optimized with the Yoast SEO plugin v20.1 - https:\/\/yoast.com\/wordpress\/plugins\/seo\/ -->\n<title>Inmunohistoqu\u00edmica - LABPAP<\/title>\n<meta name=\"robots\" content=\"index, follow, max-snippet:-1, max-image-preview:large, max-video-preview:-1\" \/>\n<link rel=\"canonical\" href=\"https:\/\/labpap.com.mx\/sitio\/inmunohistoquimica\/\" \/>\n<meta property=\"og:locale\" content=\"es_MX\" \/>\n<meta property=\"og:type\" content=\"article\" \/>\n<meta property=\"og:title\" content=\"Inmunohistoqu\u00edmica - LABPAP\" \/>\n<meta property=\"og:description\" content=\"[vc_row wrap_container=&#8221;yes&#8221; css=&#8221;.vc_custom_1652506092127{padding-top: 39px !important;padding-bottom: 39px !important;}&#8221;][vc_column el_class=&#8221;order-lg-2&#8243; offset=&#8221;vc_col-lg-8 vc_col-md-8&#8243;][vc_custom_heading text=&#8221;En que consiste&#8221; font_container=&#8221;tag:h3|text_align:left|line_height:42px&#8221; use_theme_fonts=&#8221;yes&#8221; font_weight=&#8221;700&#8243; skin=&#8221;secondary&#8221; animation_duration=&#8221;&#8221; animation_delay=&#8221;&#8221; el_class=&#8221;custom-font1 mb-4&#8243;][vc_column_text css=&#8221;.vc_custom_1675116624290{margin-bottom: 20px !important;}&#8221;]Este tipo de prueba consiste en una t\u00e9cnica de an\u00e1lisis de tejidos, donde a trav\u00e9s del uso de anticuerpos espec\u00edficos se identifican prote\u00ednas o ant\u00edgenos espec\u00edficos. Su resultado permite diagnosticar enfermedades, evaluar [&hellip;]\" \/>\n<meta property=\"og:url\" content=\"https:\/\/labpap.com.mx\/sitio\/inmunohistoquimica\/\" \/>\n<meta property=\"og:site_name\" content=\"LABPAP\" \/>\n<meta property=\"article:publisher\" content=\"https:\/\/www.facebook.com\/labpapmexico\" \/>\n<meta property=\"article:modified_time\" content=\"2023-02-03T19:13:44+00:00\" \/>\n<meta name=\"twitter:card\" content=\"summary_large_image\" \/>\n<meta name=\"twitter:label1\" content=\"Est. reading time\" \/>\n\t<meta name=\"twitter:data1\" content=\"3 minutos\" \/>\n<script type=\"application\/ld+json\" class=\"yoast-schema-graph\">{\"@context\":\"https:\/\/schema.org\",\"@graph\":[{\"@type\":\"WebPage\",\"@id\":\"https:\/\/labpap.com.mx\/sitio\/inmunohistoquimica\/\",\"url\":\"https:\/\/labpap.com.mx\/sitio\/inmunohistoquimica\/\",\"name\":\"Inmunohistoqu\u00edmica - LABPAP\",\"isPartOf\":{\"@id\":\"https:\/\/labpap.com.mx\/sitio\/#website\"},\"datePublished\":\"2023-01-17T16:46:19+00:00\",\"dateModified\":\"2023-02-03T19:13:44+00:00\",\"breadcrumb\":{\"@id\":\"https:\/\/labpap.com.mx\/sitio\/inmunohistoquimica\/#breadcrumb\"},\"inLanguage\":\"es-MX\",\"potentialAction\":[{\"@type\":\"ReadAction\",\"target\":[\"https:\/\/labpap.com.mx\/sitio\/inmunohistoquimica\/\"]}]},{\"@type\":\"BreadcrumbList\",\"@id\":\"https:\/\/labpap.com.mx\/sitio\/inmunohistoquimica\/#breadcrumb\",\"itemListElement\":[{\"@type\":\"ListItem\",\"position\":1,\"name\":\"Inicio\",\"item\":\"https:\/\/labpap.com.mx\/sitio\/\"},{\"@type\":\"ListItem\",\"position\":2,\"name\":\"Inmunohistoqu\u00edmica\"}]},{\"@type\":\"WebSite\",\"@id\":\"https:\/\/labpap.com.mx\/sitio\/#website\",\"url\":\"https:\/\/labpap.com.mx\/sitio\/\",\"name\":\"LABPAP\",\"description\":\"Pat\u00f3logos Asociados del Pedregal\",\"publisher\":{\"@id\":\"https:\/\/labpap.com.mx\/sitio\/#organization\"},\"potentialAction\":[{\"@type\":\"SearchAction\",\"target\":{\"@type\":\"EntryPoint\",\"urlTemplate\":\"https:\/\/labpap.com.mx\/sitio\/?s={search_term_string}\"},\"query-input\":\"required name=search_term_string\"}],\"inLanguage\":\"es-MX\"},{\"@type\":\"Organization\",\"@id\":\"https:\/\/labpap.com.mx\/sitio\/#organization\",\"name\":\"P\u00e1tologos Asociados del Pedregal\",\"url\":\"https:\/\/labpap.com.mx\/sitio\/\",\"logo\":{\"@type\":\"ImageObject\",\"inLanguage\":\"es-MX\",\"@id\":\"https:\/\/labpap.com.mx\/sitio\/#\/schema\/logo\/image\/\",\"url\":\"https:\/\/labpap.com.mx\/sitio\/wp-content\/uploads\/2023\/01\/Logotipo-LABPAP-240px.png\",\"contentUrl\":\"https:\/\/labpap.com.mx\/sitio\/wp-content\/uploads\/2023\/01\/Logotipo-LABPAP-240px.png\",\"width\":240,\"height\":54,\"caption\":\"P\u00e1tologos Asociados del Pedregal\"},\"image\":{\"@id\":\"https:\/\/labpap.com.mx\/sitio\/#\/schema\/logo\/image\/\"},\"sameAs\":[\"https:\/\/www.facebook.com\/labpapmexico\",\"https:\/\/www.instagram.com\/labpapmx\"]}]}<\/script>\n<!-- \/ Yoast SEO plugin. -->","yoast_head_json":{"title":"Inmunohistoqu\u00edmica - LABPAP","robots":{"index":"index","follow":"follow","max-snippet":"max-snippet:-1","max-image-preview":"max-image-preview:large","max-video-preview":"max-video-preview:-1"},"canonical":"https:\/\/labpap.com.mx\/sitio\/inmunohistoquimica\/","og_locale":"es_MX","og_type":"article","og_title":"Inmunohistoqu\u00edmica - LABPAP","og_description":"[vc_row wrap_container=&#8221;yes&#8221; css=&#8221;.vc_custom_1652506092127{padding-top: 39px !important;padding-bottom: 39px !important;}&#8221;][vc_column el_class=&#8221;order-lg-2&#8243; offset=&#8221;vc_col-lg-8 vc_col-md-8&#8243;][vc_custom_heading text=&#8221;En que consiste&#8221; font_container=&#8221;tag:h3|text_align:left|line_height:42px&#8221; use_theme_fonts=&#8221;yes&#8221; font_weight=&#8221;700&#8243; skin=&#8221;secondary&#8221; animation_duration=&#8221;&#8221; animation_delay=&#8221;&#8221; el_class=&#8221;custom-font1 mb-4&#8243;][vc_column_text css=&#8221;.vc_custom_1675116624290{margin-bottom: 20px !important;}&#8221;]Este tipo de prueba consiste en una t\u00e9cnica de an\u00e1lisis de tejidos, donde a trav\u00e9s del uso de anticuerpos espec\u00edficos se identifican prote\u00ednas o ant\u00edgenos espec\u00edficos. Su resultado permite diagnosticar enfermedades, evaluar [&hellip;]","og_url":"https:\/\/labpap.com.mx\/sitio\/inmunohistoquimica\/","og_site_name":"LABPAP","article_publisher":"https:\/\/www.facebook.com\/labpapmexico","article_modified_time":"2023-02-03T19:13:44+00:00","twitter_card":"summary_large_image","twitter_misc":{"Est. reading time":"3 minutos"},"schema":{"@context":"https:\/\/schema.org","@graph":[{"@type":"WebPage","@id":"https:\/\/labpap.com.mx\/sitio\/inmunohistoquimica\/","url":"https:\/\/labpap.com.mx\/sitio\/inmunohistoquimica\/","name":"Inmunohistoqu\u00edmica - LABPAP","isPartOf":{"@id":"https:\/\/labpap.com.mx\/sitio\/#website"},"datePublished":"2023-01-17T16:46:19+00:00","dateModified":"2023-02-03T19:13:44+00:00","breadcrumb":{"@id":"https:\/\/labpap.com.mx\/sitio\/inmunohistoquimica\/#breadcrumb"},"inLanguage":"es-MX","potentialAction":[{"@type":"ReadAction","target":["https:\/\/labpap.com.mx\/sitio\/inmunohistoquimica\/"]}]},{"@type":"BreadcrumbList","@id":"https:\/\/labpap.com.mx\/sitio\/inmunohistoquimica\/#breadcrumb","itemListElement":[{"@type":"ListItem","position":1,"name":"Inicio","item":"https:\/\/labpap.com.mx\/sitio\/"},{"@type":"ListItem","position":2,"name":"Inmunohistoqu\u00edmica"}]},{"@type":"WebSite","@id":"https:\/\/labpap.com.mx\/sitio\/#website","url":"https:\/\/labpap.com.mx\/sitio\/","name":"LABPAP","description":"Pat\u00f3logos Asociados del Pedregal","publisher":{"@id":"https:\/\/labpap.com.mx\/sitio\/#organization"},"potentialAction":[{"@type":"SearchAction","target":{"@type":"EntryPoint","urlTemplate":"https:\/\/labpap.com.mx\/sitio\/?s={search_term_string}"},"query-input":"required name=search_term_string"}],"inLanguage":"es-MX"},{"@type":"Organization","@id":"https:\/\/labpap.com.mx\/sitio\/#organization","name":"P\u00e1tologos Asociados del Pedregal","url":"https:\/\/labpap.com.mx\/sitio\/","logo":{"@type":"ImageObject","inLanguage":"es-MX","@id":"https:\/\/labpap.com.mx\/sitio\/#\/schema\/logo\/image\/","url":"https:\/\/labpap.com.mx\/sitio\/wp-content\/uploads\/2023\/01\/Logotipo-LABPAP-240px.png","contentUrl":"https:\/\/labpap.com.mx\/sitio\/wp-content\/uploads\/2023\/01\/Logotipo-LABPAP-240px.png","width":240,"height":54,"caption":"P\u00e1tologos Asociados del Pedregal"},"image":{"@id":"https:\/\/labpap.com.mx\/sitio\/#\/schema\/logo\/image\/"},"sameAs":["https:\/\/www.facebook.com\/labpapmexico","https:\/\/www.instagram.com\/labpapmx"]}]}},"_links":{"self":[{"href":"https:\/\/labpap.com.mx\/sitio\/wp-json\/wp\/v2\/pages\/4360"}],"collection":[{"href":"https:\/\/labpap.com.mx\/sitio\/wp-json\/wp\/v2\/pages"}],"about":[{"href":"https:\/\/labpap.com.mx\/sitio\/wp-json\/wp\/v2\/types\/page"}],"author":[{"embeddable":true,"href":"https:\/\/labpap.com.mx\/sitio\/wp-json\/wp\/v2\/users\/1"}],"replies":[{"embeddable":true,"href":"https:\/\/labpap.com.mx\/sitio\/wp-json\/wp\/v2\/comments?post=4360"}],"version-history":[{"count":25,"href":"https:\/\/labpap.com.mx\/sitio\/wp-json\/wp\/v2\/pages\/4360\/revisions"}],"predecessor-version":[{"id":4714,"href":"https:\/\/labpap.com.mx\/sitio\/wp-json\/wp\/v2\/pages\/4360\/revisions\/4714"}],"wp:attachment":[{"href":"https:\/\/labpap.com.mx\/sitio\/wp-json\/wp\/v2\/media?parent=4360"}],"curies":[{"name":"wp","href":"https:\/\/api.w.org\/{rel}","templated":true}]}}