{"id":4536,"date":"2023-01-18T16:23:34","date_gmt":"2023-01-18T16:23:34","guid":{"rendered":"https:\/\/labpap.com.mx\/sitio\/?page_id=4536"},"modified":"2023-01-18T19:01:47","modified_gmt":"2023-01-18T19:01:47","slug":"programa-cancer-de-pulmon","status":"publish","type":"page","link":"https:\/\/labpap.com.mx\/sitio\/programa-cancer-de-pulmon\/","title":{"rendered":"Programa c\u00e1ncer de pulm\u00f3n"},"content":{"rendered":"<section class=\"wpb-content-wrapper\"><p>[vc_row wrap_container=&#8221;yes&#8221; css=&#8221;.vc_custom_1652506092127{padding-top: 39px !important;padding-bottom: 39px !important;}&#8221;][vc_column width=&#8221;1\/2&#8243; el_class=&#8221;card-section order-lg-1&#8243; offset=&#8221;vc_col-lg-6 vc_col-md-6&#8243; conditional_render=&#8221;%5B%7B%22value_role%22%3A%22administrator%22%7D%5D&#8221;][vc_custom_heading text=&#8221;Programa de biomarcadores para c\u00e1ncer de pulm\u00f3n de c\u00e9lulas no peque\u00f1as&#8221; font_container=&#8221;tag:h3|text_align:left|line_height:42px&#8221; use_theme_fonts=&#8221;yes&#8221; font_weight=&#8221;700&#8243; skin=&#8221;secondary&#8221; animation_duration=&#8221;&#8221; animation_delay=&#8221;&#8221; el_class=&#8221;custom-font1 mb-4&#8243;][vc_custom_heading text=&#8221;MARCADORES: EGFR, ALK, PDL1&#8243; font_container=&#8221;tag:h3|font_size:19.6|text_align:left&#8221; use_theme_fonts=&#8221;yes&#8221; font_weight=&#8221;700&#8243; skin=&#8221;primary&#8221; animation_duration=&#8221;&#8221; animation_delay=&#8221;&#8221; el_class=&#8221;custom-font1 mb-4&#8243;][vc_column_text css=&#8221;.vc_custom_1674059011534{margin-bottom: 20px !important;}&#8221;]<\/p>\n<ul class=\"list list-icons list-icons-style-2 list-icons-lg custom-list-style pb-1 mb-0\">\n<li style=\"list-style-type: none;\">\n<ul class=\"list list-icons list-icons-style-2 list-icons-lg custom-list-style pb-1 mb-0\">\n<li class=\"font-weight-semibold text-color-dark mb-3\"><i class=\"fas fa-check text-color-dark\"><\/i> Detecci\u00f3n de Mutaci\u00f3n en los Exones 18-21 de EGFR por PCR en tiempo real<\/li>\n<li class=\"font-weight-semibold text-color-dark mb-3\"><i class=\"fas fa-check text-color-dark\"><\/i> Detecci\u00f3n de la expresi\u00f3n del gen de PDL-1(SP263) por Inmnohistoqu\u00edmica<\/li>\n<li class=\"font-weight-semibold text-color-dark mb-3\"><i class=\"fas fa-check text-color-dark\"><\/i> Detecci\u00f3n de reordenamientos del gen ALK (D5F3) por Inmunohistoqu\u00edmica<\/li>\n<li class=\"font-weight-semibold text-color-dark mb-3\"><i class=\"fas fa-check text-color-dark\"><\/i> B-RAF POR PCR<\/li>\n<li class=\"font-weight-semibold text-color-dark mb-3\"><i class=\"fas fa-check text-color-dark\"><\/i> ROS 1 POR PCR<\/li>\n<\/ul>\n<\/li>\n<\/ul>\n<p>[\/vc_column_text][\/vc_column][vc_column width=&#8221;1\/2&#8243; el_class=&#8221;card-section order-lg-1&#8243; offset=&#8221;vc_col-lg-6 vc_col-md-6&#8243; conditional_render=&#8221;%5B%7B%22value_role%22%3A%22administrator%22%7D%5D&#8221;]<div class=\"porto-u-heading card py-5 mb-0  wpb_custom_288c105127a39eeb10a29589bb57f797 porto-u-8309\"><div class=\"porto-u-main-heading\"><h2   style=\"color:#183f72;margin-bottom: 12px;\">Agendar cita ahora<\/h2><\/div><div class=\"porto-u-sub-heading\" style=\"\">\n<p style=\"text-align: left;\"><span class=\"d-block custom-font1 pb-1 mb-4\">Completa el siguiente formulario y nos pondremos en contacto lo antes posible.<\/span>\n<div class=\"wpcf7 no-js\" id=\"wpcf7-f73-o1\" lang=\"en-US\" dir=\"ltr\">\n<div class=\"screen-reader-response\"><p role=\"status\" aria-live=\"polite\" aria-atomic=\"true\"><\/p> <ul><\/ul><\/div>\n<form action=\"\/sitio\/wp-json\/wp\/v2\/pages\/4536#wpcf7-f73-o1\" method=\"post\" class=\"wpcf7-form init\" aria-label=\"Contact form\" novalidate=\"novalidate\" data-status=\"init\">\n<div style=\"display: none;\">\n<input type=\"hidden\" name=\"_wpcf7\" value=\"73\" \/>\n<input type=\"hidden\" name=\"_wpcf7_version\" value=\"5.7.3\" \/>\n<input type=\"hidden\" name=\"_wpcf7_locale\" value=\"en_US\" \/>\n<input type=\"hidden\" name=\"_wpcf7_unit_tag\" value=\"wpcf7-f73-o1\" \/>\n<input type=\"hidden\" name=\"_wpcf7_container_post\" value=\"0\" \/>\n<input type=\"hidden\" name=\"_wpcf7_posted_data_hash\" value=\"\" \/>\n<\/div>\n<p><span class=\"wpcf7-form-control-wrap\" data-name=\"name\"><input size=\"40\" class=\"wpcf7-form-control wpcf7-text wpcf7-validates-as-required form-control\" aria-required=\"true\" aria-invalid=\"false\" placeholder=\"Nombre *\" value=\"\" type=\"text\" name=\"name\" \/><\/span><br \/>\n<span class=\"wpcf7-form-control-wrap\" data-name=\"phonenumber\"><input size=\"40\" class=\"wpcf7-form-control wpcf7-text wpcf7-validates-as-required form-control\" aria-required=\"true\" aria-invalid=\"false\" placeholder=\"Tel\u00e9fono *\" value=\"\" type=\"text\" name=\"phonenumber\" \/><\/span><br \/>\n<span class=\"wpcf7-form-control-wrap\" data-name=\"e-mail\"><input size=\"40\" class=\"wpcf7-form-control wpcf7-text wpcf7-email wpcf7-validates-as-required wpcf7-validates-as-email form-control\" aria-required=\"true\" aria-invalid=\"false\" placeholder=\"Correo electr\u00f3nico *\" value=\"\" type=\"email\" name=\"e-mail\" \/><\/span><br \/>\n<span class=\"wpcf7-form-control-wrap\" data-name=\"services\"><select class=\"wpcf7-form-control wpcf7-select wpcf7-validates-as-required form-control\" aria-required=\"true\" aria-invalid=\"false\" name=\"services\"><option value=\"Selecciona un servicio *\">Selecciona un servicio *<\/option><option value=\"Patolog\u00eda Quir\u00fargica\">Patolog\u00eda Quir\u00fargica<\/option><option value=\"Patolog\u00eda Molecular\">Patolog\u00eda Molecular<\/option><option value=\"Inmunohistoqu\u00edmica\">Inmunohistoqu\u00edmica<\/option><option value=\"Citopatolog\u00eda\">Citopatolog\u00eda<\/option><\/select><\/span><br \/>\n<input class=\"wpcf7-form-control has-spinner wpcf7-submit btn btn-primary btn-modern font-weight-bold text-3 px-5 py-3\" type=\"submit\" value=\"ENVIAR DATOS\" \/>\n<\/p><p style=\"display: none !important;\"><label>&#916;<textarea name=\"_wpcf7_ak_hp_textarea\" cols=\"45\" rows=\"8\" maxlength=\"100\"><\/textarea><\/label><input type=\"hidden\" id=\"ak_js_1\" name=\"_wpcf7_ak_js\" value=\"113\"\/><script>document.getElementById( \"ak_js_1\" ).setAttribute( \"value\", ( new Date() ).getTime() );<\/script><\/p><div class=\"wpcf7-response-output\" aria-hidden=\"true\"><\/div>\n<\/form>\n<\/div>\n<p><\/div><style>.porto-u-8309.porto-u-heading{text-align:center}<\/style><\/div>[\/vc_column][\/vc_row][vc_row][vc_column][vc_single_image image=&#8221;4551&#8243; img_size=&#8221;full&#8221; alignment=&#8221;center&#8221; label=&#8221;&#8221;][\/vc_column][\/vc_row]<\/p>\n<\/section>","protected":false},"excerpt":{"rendered":"<p>[vc_row wrap_container=&#8221;yes&#8221; css=&#8221;.vc_custom_1652506092127{padding-top: 39px !important;padding-bottom: 39px !important;}&#8221;][vc_column width=&#8221;1\/2&#8243; el_class=&#8221;card-section order-lg-1&#8243; offset=&#8221;vc_col-lg-6 vc_col-md-6&#8243; conditional_render=&#8221;%5B%7B%22value_role%22%3A%22administrator%22%7D%5D&#8221;][vc_custom_heading text=&#8221;Programa de biomarcadores para c\u00e1ncer de pulm\u00f3n de c\u00e9lulas no peque\u00f1as&#8221; font_container=&#8221;tag:h3|text_align:left|line_height:42px&#8221; use_theme_fonts=&#8221;yes&#8221; font_weight=&#8221;700&#8243; skin=&#8221;secondary&#8221; animation_duration=&#8221;&#8221; animation_delay=&#8221;&#8221; el_class=&#8221;custom-font1 mb-4&#8243;][vc_custom_heading text=&#8221;MARCADORES: EGFR, ALK, PDL1&#8243; font_container=&#8221;tag:h3|font_size:19.6|text_align:left&#8221; use_theme_fonts=&#8221;yes&#8221; font_weight=&#8221;700&#8243; skin=&#8221;primary&#8221; animation_duration=&#8221;&#8221; animation_delay=&#8221;&#8221; el_class=&#8221;custom-font1 mb-4&#8243;][vc_column_text css=&#8221;.vc_custom_1674059011534{margin-bottom: 20px !important;}&#8221;] Detecci\u00f3n de Mutaci\u00f3n en los Exones 18-21 de [&hellip;]<\/p>\n","protected":false},"author":1,"featured_media":0,"parent":0,"menu_order":0,"comment_status":"closed","ping_status":"closed","template":"","meta":[],"acf":[],"yoast_head":"<!-- This site is optimized with the Yoast SEO plugin v20.1 - https:\/\/yoast.com\/wordpress\/plugins\/seo\/ -->\n<title>Programa c\u00e1ncer de pulm\u00f3n - LABPAP<\/title>\n<meta name=\"robots\" content=\"index, follow, max-snippet:-1, max-image-preview:large, max-video-preview:-1\" \/>\n<link rel=\"canonical\" href=\"https:\/\/labpap.com.mx\/sitio\/programa-cancer-de-pulmon\/\" \/>\n<meta property=\"og:locale\" content=\"es_MX\" \/>\n<meta property=\"og:type\" content=\"article\" \/>\n<meta property=\"og:title\" content=\"Programa c\u00e1ncer de pulm\u00f3n - LABPAP\" \/>\n<meta property=\"og:description\" content=\"[vc_row wrap_container=&#8221;yes&#8221; css=&#8221;.vc_custom_1652506092127{padding-top: 39px !important;padding-bottom: 39px !important;}&#8221;][vc_column width=&#8221;1\/2&#8243; el_class=&#8221;card-section order-lg-1&#8243; offset=&#8221;vc_col-lg-6 vc_col-md-6&#8243; conditional_render=&#8221;%5B%7B%22value_role%22%3A%22administrator%22%7D%5D&#8221;][vc_custom_heading text=&#8221;Programa de biomarcadores para c\u00e1ncer de pulm\u00f3n de c\u00e9lulas no peque\u00f1as&#8221; font_container=&#8221;tag:h3|text_align:left|line_height:42px&#8221; use_theme_fonts=&#8221;yes&#8221; font_weight=&#8221;700&#8243; skin=&#8221;secondary&#8221; animation_duration=&#8221;&#8221; animation_delay=&#8221;&#8221; el_class=&#8221;custom-font1 mb-4&#8243;][vc_custom_heading text=&#8221;MARCADORES: EGFR, ALK, PDL1&#8243; font_container=&#8221;tag:h3|font_size:19.6|text_align:left&#8221; use_theme_fonts=&#8221;yes&#8221; font_weight=&#8221;700&#8243; skin=&#8221;primary&#8221; animation_duration=&#8221;&#8221; animation_delay=&#8221;&#8221; el_class=&#8221;custom-font1 mb-4&#8243;][vc_column_text css=&#8221;.vc_custom_1674059011534{margin-bottom: 20px !important;}&#8221;] Detecci\u00f3n de Mutaci\u00f3n en los Exones 18-21 de [&hellip;]\" \/>\n<meta property=\"og:url\" content=\"https:\/\/labpap.com.mx\/sitio\/programa-cancer-de-pulmon\/\" \/>\n<meta property=\"og:site_name\" content=\"LABPAP\" \/>\n<meta property=\"article:publisher\" content=\"https:\/\/www.facebook.com\/labpapmexico\" \/>\n<meta property=\"article:modified_time\" content=\"2023-01-18T19:01:47+00:00\" \/>\n<meta name=\"twitter:card\" content=\"summary_large_image\" \/>\n<meta name=\"twitter:label1\" content=\"Est. reading time\" \/>\n\t<meta name=\"twitter:data1\" content=\"1 minuto\" \/>\n<script type=\"application\/ld+json\" class=\"yoast-schema-graph\">{\"@context\":\"https:\/\/schema.org\",\"@graph\":[{\"@type\":\"WebPage\",\"@id\":\"https:\/\/labpap.com.mx\/sitio\/programa-cancer-de-pulmon\/\",\"url\":\"https:\/\/labpap.com.mx\/sitio\/programa-cancer-de-pulmon\/\",\"name\":\"Programa c\u00e1ncer de pulm\u00f3n - LABPAP\",\"isPartOf\":{\"@id\":\"https:\/\/labpap.com.mx\/sitio\/#website\"},\"datePublished\":\"2023-01-18T16:23:34+00:00\",\"dateModified\":\"2023-01-18T19:01:47+00:00\",\"breadcrumb\":{\"@id\":\"https:\/\/labpap.com.mx\/sitio\/programa-cancer-de-pulmon\/#breadcrumb\"},\"inLanguage\":\"es-MX\",\"potentialAction\":[{\"@type\":\"ReadAction\",\"target\":[\"https:\/\/labpap.com.mx\/sitio\/programa-cancer-de-pulmon\/\"]}]},{\"@type\":\"BreadcrumbList\",\"@id\":\"https:\/\/labpap.com.mx\/sitio\/programa-cancer-de-pulmon\/#breadcrumb\",\"itemListElement\":[{\"@type\":\"ListItem\",\"position\":1,\"name\":\"Inicio\",\"item\":\"https:\/\/labpap.com.mx\/sitio\/\"},{\"@type\":\"ListItem\",\"position\":2,\"name\":\"Programa c\u00e1ncer de pulm\u00f3n\"}]},{\"@type\":\"WebSite\",\"@id\":\"https:\/\/labpap.com.mx\/sitio\/#website\",\"url\":\"https:\/\/labpap.com.mx\/sitio\/\",\"name\":\"LABPAP\",\"description\":\"Pat\u00f3logos Asociados del Pedregal\",\"publisher\":{\"@id\":\"https:\/\/labpap.com.mx\/sitio\/#organization\"},\"potentialAction\":[{\"@type\":\"SearchAction\",\"target\":{\"@type\":\"EntryPoint\",\"urlTemplate\":\"https:\/\/labpap.com.mx\/sitio\/?s={search_term_string}\"},\"query-input\":\"required name=search_term_string\"}],\"inLanguage\":\"es-MX\"},{\"@type\":\"Organization\",\"@id\":\"https:\/\/labpap.com.mx\/sitio\/#organization\",\"name\":\"P\u00e1tologos Asociados del Pedregal\",\"url\":\"https:\/\/labpap.com.mx\/sitio\/\",\"logo\":{\"@type\":\"ImageObject\",\"inLanguage\":\"es-MX\",\"@id\":\"https:\/\/labpap.com.mx\/sitio\/#\/schema\/logo\/image\/\",\"url\":\"https:\/\/labpap.com.mx\/sitio\/wp-content\/uploads\/2023\/01\/Logotipo-LABPAP-240px.png\",\"contentUrl\":\"https:\/\/labpap.com.mx\/sitio\/wp-content\/uploads\/2023\/01\/Logotipo-LABPAP-240px.png\",\"width\":240,\"height\":54,\"caption\":\"P\u00e1tologos Asociados del Pedregal\"},\"image\":{\"@id\":\"https:\/\/labpap.com.mx\/sitio\/#\/schema\/logo\/image\/\"},\"sameAs\":[\"https:\/\/www.facebook.com\/labpapmexico\",\"https:\/\/www.instagram.com\/labpapmx\"]}]}<\/script>\n<!-- \/ Yoast SEO plugin. -->","yoast_head_json":{"title":"Programa c\u00e1ncer de pulm\u00f3n - LABPAP","robots":{"index":"index","follow":"follow","max-snippet":"max-snippet:-1","max-image-preview":"max-image-preview:large","max-video-preview":"max-video-preview:-1"},"canonical":"https:\/\/labpap.com.mx\/sitio\/programa-cancer-de-pulmon\/","og_locale":"es_MX","og_type":"article","og_title":"Programa c\u00e1ncer de pulm\u00f3n - LABPAP","og_description":"[vc_row wrap_container=&#8221;yes&#8221; css=&#8221;.vc_custom_1652506092127{padding-top: 39px !important;padding-bottom: 39px !important;}&#8221;][vc_column width=&#8221;1\/2&#8243; el_class=&#8221;card-section order-lg-1&#8243; offset=&#8221;vc_col-lg-6 vc_col-md-6&#8243; conditional_render=&#8221;%5B%7B%22value_role%22%3A%22administrator%22%7D%5D&#8221;][vc_custom_heading text=&#8221;Programa de biomarcadores para c\u00e1ncer de pulm\u00f3n de c\u00e9lulas no peque\u00f1as&#8221; font_container=&#8221;tag:h3|text_align:left|line_height:42px&#8221; use_theme_fonts=&#8221;yes&#8221; font_weight=&#8221;700&#8243; skin=&#8221;secondary&#8221; animation_duration=&#8221;&#8221; animation_delay=&#8221;&#8221; el_class=&#8221;custom-font1 mb-4&#8243;][vc_custom_heading text=&#8221;MARCADORES: EGFR, ALK, PDL1&#8243; font_container=&#8221;tag:h3|font_size:19.6|text_align:left&#8221; use_theme_fonts=&#8221;yes&#8221; font_weight=&#8221;700&#8243; skin=&#8221;primary&#8221; animation_duration=&#8221;&#8221; animation_delay=&#8221;&#8221; el_class=&#8221;custom-font1 mb-4&#8243;][vc_column_text css=&#8221;.vc_custom_1674059011534{margin-bottom: 20px !important;}&#8221;] Detecci\u00f3n de Mutaci\u00f3n en los Exones 18-21 de [&hellip;]","og_url":"https:\/\/labpap.com.mx\/sitio\/programa-cancer-de-pulmon\/","og_site_name":"LABPAP","article_publisher":"https:\/\/www.facebook.com\/labpapmexico","article_modified_time":"2023-01-18T19:01:47+00:00","twitter_card":"summary_large_image","twitter_misc":{"Est. reading time":"1 minuto"},"schema":{"@context":"https:\/\/schema.org","@graph":[{"@type":"WebPage","@id":"https:\/\/labpap.com.mx\/sitio\/programa-cancer-de-pulmon\/","url":"https:\/\/labpap.com.mx\/sitio\/programa-cancer-de-pulmon\/","name":"Programa c\u00e1ncer de pulm\u00f3n - LABPAP","isPartOf":{"@id":"https:\/\/labpap.com.mx\/sitio\/#website"},"datePublished":"2023-01-18T16:23:34+00:00","dateModified":"2023-01-18T19:01:47+00:00","breadcrumb":{"@id":"https:\/\/labpap.com.mx\/sitio\/programa-cancer-de-pulmon\/#breadcrumb"},"inLanguage":"es-MX","potentialAction":[{"@type":"ReadAction","target":["https:\/\/labpap.com.mx\/sitio\/programa-cancer-de-pulmon\/"]}]},{"@type":"BreadcrumbList","@id":"https:\/\/labpap.com.mx\/sitio\/programa-cancer-de-pulmon\/#breadcrumb","itemListElement":[{"@type":"ListItem","position":1,"name":"Inicio","item":"https:\/\/labpap.com.mx\/sitio\/"},{"@type":"ListItem","position":2,"name":"Programa c\u00e1ncer de pulm\u00f3n"}]},{"@type":"WebSite","@id":"https:\/\/labpap.com.mx\/sitio\/#website","url":"https:\/\/labpap.com.mx\/sitio\/","name":"LABPAP","description":"Pat\u00f3logos Asociados del Pedregal","publisher":{"@id":"https:\/\/labpap.com.mx\/sitio\/#organization"},"potentialAction":[{"@type":"SearchAction","target":{"@type":"EntryPoint","urlTemplate":"https:\/\/labpap.com.mx\/sitio\/?s={search_term_string}"},"query-input":"required name=search_term_string"}],"inLanguage":"es-MX"},{"@type":"Organization","@id":"https:\/\/labpap.com.mx\/sitio\/#organization","name":"P\u00e1tologos Asociados del Pedregal","url":"https:\/\/labpap.com.mx\/sitio\/","logo":{"@type":"ImageObject","inLanguage":"es-MX","@id":"https:\/\/labpap.com.mx\/sitio\/#\/schema\/logo\/image\/","url":"https:\/\/labpap.com.mx\/sitio\/wp-content\/uploads\/2023\/01\/Logotipo-LABPAP-240px.png","contentUrl":"https:\/\/labpap.com.mx\/sitio\/wp-content\/uploads\/2023\/01\/Logotipo-LABPAP-240px.png","width":240,"height":54,"caption":"P\u00e1tologos Asociados del Pedregal"},"image":{"@id":"https:\/\/labpap.com.mx\/sitio\/#\/schema\/logo\/image\/"},"sameAs":["https:\/\/www.facebook.com\/labpapmexico","https:\/\/www.instagram.com\/labpapmx"]}]}},"_links":{"self":[{"href":"https:\/\/labpap.com.mx\/sitio\/wp-json\/wp\/v2\/pages\/4536"}],"collection":[{"href":"https:\/\/labpap.com.mx\/sitio\/wp-json\/wp\/v2\/pages"}],"about":[{"href":"https:\/\/labpap.com.mx\/sitio\/wp-json\/wp\/v2\/types\/page"}],"author":[{"embeddable":true,"href":"https:\/\/labpap.com.mx\/sitio\/wp-json\/wp\/v2\/users\/1"}],"replies":[{"embeddable":true,"href":"https:\/\/labpap.com.mx\/sitio\/wp-json\/wp\/v2\/comments?post=4536"}],"version-history":[{"count":8,"href":"https:\/\/labpap.com.mx\/sitio\/wp-json\/wp\/v2\/pages\/4536\/revisions"}],"predecessor-version":[{"id":4552,"href":"https:\/\/labpap.com.mx\/sitio\/wp-json\/wp\/v2\/pages\/4536\/revisions\/4552"}],"wp:attachment":[{"href":"https:\/\/labpap.com.mx\/sitio\/wp-json\/wp\/v2\/media?parent=4536"}],"curies":[{"name":"wp","href":"https:\/\/api.w.org\/{rel}","templated":true}]}}