{"id":612,"date":"2020-12-22T07:43:51","date_gmt":"2020-12-22T07:43:51","guid":{"rendered":"http:\/\/sw-themes.com\/porto_dummy\/?page_id=612"},"modified":"2023-01-16T21:05:55","modified_gmt":"2023-01-16T21:05:55","slug":"contacto","status":"publish","type":"page","link":"https:\/\/labpap.com.mx\/sitio\/contacto\/","title":{"rendered":"Cont\u00e1ctanos"},"content":{"rendered":"<section class=\"wpb-content-wrapper\"><p>[vc_row equal_height=&#8221;yes&#8221; wrap_container=&#8221;yes&#8221; css=&#8221;.vc_custom_1673897954972{background-color: #f7f7f7 !important;}&#8221; conditional_render=&#8221;%5B%7B%22value_role%22%3A%22administrator%22%7D%5D&#8221;][vc_column el_class=&#8221;contact-info&#8221; offset=&#8221;vc_col-lg-7 vc_col-md-7&#8243;][vc_row_inner content_placement=&#8221;middle&#8221; el_class=&#8221;py-5 my-5&#8243;][vc_column_inner width=&#8221;1\/2&#8243;]<div class=\"porto-sicon-box custom-font1 mb-4  wpb_custom_e99ef7eec2967d1e83bec79fbc28098d style_1 left-icon\"><div class=\"porto-sicon-left\"><div class=\"porto-just-icon-wrapper porto-icon none\" style=\"color:#0088cc;font-size:44px;\"><i class=\"fas fa-headset\"><\/i><\/div><\/div><div class=\"porto-sicon-body\"><div class=\"porto-sicon-header\"><h4 class=\"porto-sicon-title\" style=\"color:#183f72;\">Tel\u00e9fono<\/h4><\/div> <!-- header --><div class=\"porto-sicon-description\" style=\"\">Ll\u00e1manos al:<br \/>\n<a href=\"tel:+525556660387\">55 56 66 03 87<\/a><br \/>\n<a href=\"tel:+525591553604\">55 91 55 36 04<\/a><\/div> <!-- description --><\/div><\/div><!-- porto-sicon-box -->[vc_empty_space height=&#8221;42px&#8221;]<div class=\"porto-sicon-box custom-font1 mb-4  wpb_custom_e99ef7eec2967d1e83bec79fbc28098d style_1 left-icon\"><div class=\"porto-sicon-left\"><div class=\"porto-just-icon-wrapper porto-icon none\" style=\"color:#0088cc;font-size:44px;\"><i class=\"far fa-clock\"><\/i><\/div><\/div><div class=\"porto-sicon-body\"><div class=\"porto-sicon-header\"><h4 class=\"porto-sicon-title\" style=\"color:#183f72;\">Horario<\/h4><\/div> <!-- header --><div class=\"porto-sicon-description\" style=\"\">Lun \u2013 Vie 9:00am \u2013 7:00pm<br \/>\nSab \u2013 9:30am \u2013 2:00pm<\/p>\n<p>&nbsp;<\/div> <!-- description --><\/div><\/div><!-- porto-sicon-box -->[\/vc_column_inner][vc_column_inner width=&#8221;1\/2&#8243;]<div class=\"porto-sicon-box custom-font1 mb-4  wpb_custom_e99ef7eec2967d1e83bec79fbc28098d style_1 left-icon\"><div class=\"porto-sicon-left\"><div class=\"porto-just-icon-wrapper porto-icon none\" style=\"color:#0088cc;font-size:44px;\"><i class=\"fas fa-map-marker-alt\"><\/i><\/div><\/div><div class=\"porto-sicon-body\"><div class=\"porto-sicon-header\"><h4 class=\"porto-sicon-title\" style=\"color:#183f72;\">Direcci\u00f3n<\/h4><\/div> <!-- header --><div class=\"porto-sicon-description\" style=\"\">Anillo Perif. 5756, Cantil del<br \/>\nPedregal Coyoac\u00e1n,\u00a004730<br \/>\nCiudad de M\u00e9xico<\/div> <!-- description --><\/div><\/div><!-- porto-sicon-box -->[vc_empty_space height=&#8221;42px&#8221;]<div class=\"porto-sicon-box custom-font1 mb-4  wpb_custom_e99ef7eec2967d1e83bec79fbc28098d style_1 left-icon\"><div class=\"porto-sicon-left\"><div class=\"porto-just-icon-wrapper porto-icon none\" style=\"color:#0088cc;font-size:44px;\"><i class=\"far fa-envelope\"><\/i><\/div><\/div><div class=\"porto-sicon-body\"><div class=\"porto-sicon-header\"><h4 class=\"porto-sicon-title\" style=\"color:#183f72;\">Email<\/h4><\/div> <!-- header --><div class=\"porto-sicon-description\" style=\"\"><a class=\"text-decoration-underline\" href=\"mailto:administrador@labpap.net\">administrador@labpap.net<\/a><\/p>\n<p>&nbsp;<\/div> <!-- description --><\/div><\/div><!-- porto-sicon-box -->[\/vc_column_inner][\/vc_row_inner][\/vc_column][vc_column el_class=&#8221;fluid-col-lg-5&#8243; offset=&#8221;vc_col-lg-5 vc_col-md-5&#8243;]<div id='wrap_map_69e348a157573' class='porto-map-wrapper porto-adjust-bottom-margin position-relative fluid-col h-100 mb-0' style=''><div id='map_69e348a157573' data-map_override='0' class='porto_google_map page_margin_top' style='width:100%;'><\/div><\/div><script>\r\n( function() {\r\n\tvar porto_init_map = function() {\r\n\t\t( function( $ ) {\r\n\t\t\t'use strict';\r\n\t\t\tif (typeof google == 'undefined') {\r\n\t\t\t\treturn;\r\n\t\t\t}\r\n\t\t\tvar map_map_69e348a157573 = null;\r\n\t\t\tvar coordinate_map_69e348a157573;\r\n\t\t\ttry {\r\n\t\t\t\tcoordinate_map_69e348a157573=new google.maps.LatLng(19.2989912, -99.1604118);\r\n\t\t\t\tvar isDraggable = $(document).width() > 640 ? true : false;\r\n\t\t\t\tvar mapOptions = {\r\n\t\t\t\t\tzoom: 13,\r\n\t\t\t\t\tcenter: coordinate_map_69e348a157573,\r\n\t\t\t\t\tscaleControl: true,\r\n\t\t\t\t\tstreetViewControl: true,\r\n\t\t\t\t\tmapTypeControl: true,\r\n\t\t\t\t\tpanControl: false,\r\n\t\t\t\t\tzoomControl: true,\r\n\t\t\t\t\tscrollwheel: true,\r\n\t\t\t\t\tdraggable: isDraggable,\r\n\t\t\t\t\tzoomControlOptions: {\r\n\t\t\t\t\t\tposition: google.maps.ControlPosition.RIGHT_BOTTOM\r\n\t\t\t\t\t}, mapTypeControlOptions: {\r\n\t\t\t\t\t\t\tmapTypeIds: [google.maps.MapTypeId.ROADMAP, 'map_style']\r\n\t\t\t\t\t\t}};var styles = [{\"featureType\":\"water\",\"elementType\":\"geometry\",\"stylers\":[{\"color\":\"#e9e9e9\"},{\"lightness\":17}]},{\"featureType\":\"landscape\",\"elementType\":\"geometry\",\"stylers\":[{\"color\":\"#f5f5f5\"},{\"lightness\":20}]},{\"featureType\":\"road.highway\",\"elementType\":\"geometry.fill\",\"stylers\":[{\"color\":\"#ffffff\"},{\"lightness\":17}]},{\"featureType\":\"road.highway\",\"elementType\":\"geometry.stroke\",\"stylers\":[{\"color\":\"#ffffff\"},{\"lightness\":29},{\"weight\":0.2}]},{\"featureType\":\"road.arterial\",\"elementType\":\"geometry\",\"stylers\":[{\"color\":\"#ffffff\"},{\"lightness\":18}]},{\"featureType\":\"road.local\",\"elementType\":\"geometry\",\"stylers\":[{\"color\":\"#ffffff\"},{\"lightness\":16}]},{\"featureType\":\"poi\",\"elementType\":\"geometry\",\"stylers\":[{\"color\":\"#f5f5f5\"},{\"lightness\":21}]},{\"featureType\":\"poi.park\",\"elementType\":\"geometry\",\"stylers\":[{\"color\":\"#dedede\"},{\"lightness\":21}]},{\"elementType\":\"labels.text.stroke\",\"stylers\":[{\"visibility\":\"on\"},{\"color\":\"#ffffff\"},{\"lightness\":16}]},{\"elementType\":\"labels.text.fill\",\"stylers\":[{\"saturation\":36},{\"color\":\"#333333\"},{\"lightness\":40}]},{\"elementType\":\"labels.icon\",\"stylers\":[{\"visibility\":\"off\"}]},{\"featureType\":\"transit\",\"elementType\":\"geometry\",\"stylers\":[{\"color\":\"#f2f2f2\"},{\"lightness\":19}]},{\"featureType\":\"administrative\",\"elementType\":\"geometry.fill\",\"stylers\":[{\"color\":\"#fefefe\"},{\"lightness\":20}]},{\"featureType\":\"administrative\",\"elementType\":\"geometry.stroke\",\"stylers\":[{\"color\":\"#fefefe\"},{\"lightness\":17},{\"weight\":1.2}]}];\r\n\t\t\t\t\t\tvar styledMap = new google.maps.StyledMapType(styles,\r\n\t\t\t\t\t\t\t{name: \"Styled Map\"});var map_map_69e348a157573 = new google.maps.Map(document.getElementById('map_69e348a157573'),mapOptions);map_map_69e348a157573.mapTypes.set('map_style', styledMap);\r\n\t\t\t\t\t\t\t map_map_69e348a157573.setMapTypeId('map_style');\r\n\t\t\t\t\t\tvar x = 'on';\r\n\t\t\t\t\t\tvar marker_map_69e348a157573 = new google.maps.Marker({\r\n\t\t\t\t\t\tposition: new google.maps.LatLng(19.2989912, -99.1604118),\r\n\t\t\t\t\t\tanimation:  google.maps.Animation.DROP,\r\n\t\t\t\t\t\tmap: map_map_69e348a157573,\r\n\t\t\t\t\t\ticon: 'https:\/\/labpap.com.mx\/sitio\/wp-content\/uploads\/2020\/12\/cleaning-map-pin.png'\r\n\t\t\t\t\t});\r\n\t\t\t\t\tgoogle.maps.event.addListener(marker_map_69e348a157573, 'click', toggleBounce);var infowindow = new google.maps.InfoWindow();\r\n\t\t\t\t\t\t\tinfowindow.setContent('<div class=\"map_info_text\" style=\\'color:#000;\\'><strong>Porto IT Services<\/strong><br \/> New York, NY 10017<\/div>');google.maps.event.addListener(marker_map_69e348a157573, 'click', function() {\r\n\t\t\t\t\t\t\t\tinfowindow.open(map_map_69e348a157573,marker_map_69e348a157573);\r\n\t\t\t\t\t\t\t});}\r\n\t\t\tcatch(e){};\r\n\t\t\tgoogle.maps.event.trigger(map_map_69e348a157573, 'resize');\r\n\t\t\t$(window).on('resize', function(){\r\n\t\t\t\tgoogle.maps.event.trigger(map_map_69e348a157573, 'resize');\r\n\t\t\t\tif(map_map_69e348a157573!=null) {\r\n\t\t\t\t\tmap_map_69e348a157573.setCenter(coordinate_map_69e348a157573);\r\n\t\t\t\t}\r\n\t\t\t});\r\n\t\t\t$('.ui-tabs').on('tabsactivate', function(event, ui) {\r\n\t\t\t   if($(this).find('.porto-map-wrapper').length > 0)\r\n\t\t\t\t{\r\n\t\t\t\t\tsetTimeout(function(){\r\n\t\t\t\t\t\t$(window).trigger('resize');\r\n\t\t\t\t\t},200);\r\n\t\t\t\t}\r\n\t\t\t});\r\n\t\t\t$('.ui-accordion').on('accordionactivate', function(event, ui) {\r\n\t\t\t\tif($(this).find('.porto-map-wrapper').length > 0) {\r\n\t\t\t\t\tsetTimeout(function(){\r\n\t\t\t\t\t\t$(window).trigger('resize');\r\n\t\t\t\t\t},200);\r\n\t\t\t\t}\r\n\t\t\t});\r\n\t\t\t$(document).on('onPortoModalPopupOpen', function(){\r\n\t\t\t\tif($(map_map_69e348a157573).parents('.porto_modal-content')) {\r\n\t\t\t\t\tsetTimeout(function(){\r\n\t\t\t\t\t\t$(window).trigger('resize');\r\n\t\t\t\t\t},200);\r\n\t\t\t\t}\r\n\t\t\t});\r\n\t\t\tfunction toggleBounce() {\r\n\t\t\t\tif (marker_map_69e348a157573.getAnimation() != null) {\r\n\t\t\t\t\tmarker_map_69e348a157573.setAnimation(null);\r\n\t\t\t\t} else {\r\n\t\t\t\t\tmarker_map_69e348a157573.setAnimation(google.maps.Animation.BOUNCE);\r\n\t\t\t\t}\r\n\t\t\t}\r\n\t\t} )( window.jQuery );\r\n\t};\r\n\r\n\tif ( window.jQuery ) {\r\n\t\tporto_init_map();\r\n\t} else {\r\n\t\tdocument.addEventListener( 'DOMContentLoaded', porto_init_map );\r\n\t}\r\n\r\n\twindow.addEventListener( 'load', function() {\r\n\t\tsetTimeout( function() {\r\n\t\t\tjQuery( window ).trigger( 'resize' );\r\n\t\t}, 200 );\r\n\t} );\r\n} )();\r\n<\/script>[\/vc_column][\/vc_row][vc_row wrap_container=&#8221;yes&#8221; el_class=&#8221;py-5 mt-5&#8243;][vc_column conditional_render=&#8221;%5B%7B%22value_role%22%3A%22administrator%22%7D%5D&#8221;][vc_separator color=&#8221;custom&#8221; border_width=&#8221;3&#8243; css_animation=&#8221;slideInLeft&#8221; style=&#8221;solid&#8221; el_class=&#8221;custom-border customLineAnimation d-inline-block me-3 mb-1&#8243; accent_color=&#8221;#00a1cd&#8221;][vc_custom_heading text=&#8221;C O N T A C T O&#8221; font_container=&#8221;tag:h4|font_size:1.2em|text_align:left|color:%2300a1cd|line_height:1.3&#8243; use_theme_fonts=&#8221;yes&#8221; text_transform=&#8221;text-uppercase&#8221; font_weight=&#8221;600&#8243; animation_delay=&#8221;1000&#8243; el_class=&#8221;mb-2 d-inline-block&#8221; animation_type=&#8221;fadeInLeft&#8221;][vc_custom_heading text=&#8221;Escribe tu mensaje&#8221; font_container=&#8221;tag:h3|font_size:2.3em|text_align:left|color:%23183f72|line_height:1.2&#8243; use_theme_fonts=&#8221;yes&#8221; font_weight=&#8221;700&#8243; skin=&#8221;secondary&#8221; letter_spacing=&#8221;-.05em&#8221; animation_delay=&#8221;1200&#8243; el_class=&#8221;pb-2 mb-4&#8243; animation_type=&#8221;fadeInUp&#8221;][vc_custom_heading text=&#8221;En LABPAP contamos con instalaciones de primier nivel. Reserva tu cita para contar con los m\u00e1s confiables servicios de diagn\u00f3sticos de patolog\u00edas.&#8221; font_container=&#8221;tag:p|font_size:1.2em|text_align:left&#8221; use_theme_fonts=&#8221;yes&#8221; animation_delay=&#8221;1400&#8243; animation_type=&#8221;fadeInUp&#8221; el_class=&#8221;custom-font1 mb-4&#8243;][vc_raw_html el_class=&#8221;contact-section mb-0 pb-5&#8243;]JTVCY29udGFjdC1mb3JtLTclMjBpZCUzRCUyMjYyOCUyMiUyMHRpdGxlJTNEJTIyQ29udGFjdCUyMFVzJTIyJTVE[\/vc_raw_html][\/vc_column][\/vc_row]<\/p>\n<\/section>","protected":false},"excerpt":{"rendered":"<p>[vc_row equal_height=&#8221;yes&#8221; wrap_container=&#8221;yes&#8221; css=&#8221;.vc_custom_1673897954972{background-color: #f7f7f7 !important;}&#8221; conditional_render=&#8221;%5B%7B%22value_role%22%3A%22administrator%22%7D%5D&#8221;][vc_column el_class=&#8221;contact-info&#8221; offset=&#8221;vc_col-lg-7 vc_col-md-7&#8243;][vc_row_inner content_placement=&#8221;middle&#8221; el_class=&#8221;py-5 my-5&#8243;][vc_column_inner width=&#8221;1\/2&#8243;][vc_empty_space height=&#8221;42px&#8221;][\/vc_column_inner][vc_column_inner width=&#8221;1\/2&#8243;][vc_empty_space height=&#8221;42px&#8221;][\/vc_column_inner][\/vc_row_inner][\/vc_column][vc_column el_class=&#8221;fluid-col-lg-5&#8243; offset=&#8221;vc_col-lg-5 vc_col-md-5&#8243;][\/vc_column][\/vc_row][vc_row wrap_container=&#8221;yes&#8221; el_class=&#8221;py-5 mt-5&#8243;][vc_column conditional_render=&#8221;%5B%7B%22value_role%22%3A%22administrator%22%7D%5D&#8221;][vc_separator color=&#8221;custom&#8221; border_width=&#8221;3&#8243; css_animation=&#8221;slideInLeft&#8221; style=&#8221;solid&#8221; el_class=&#8221;custom-border customLineAnimation d-inline-block me-3 mb-1&#8243; accent_color=&#8221;#00a1cd&#8221;][vc_custom_heading text=&#8221;C O N T A C T O&#8221; font_container=&#8221;tag:h4|font_size:1.2em|text_align:left|color:%2300a1cd|line_height:1.3&#8243; use_theme_fonts=&#8221;yes&#8221; text_transform=&#8221;text-uppercase&#8221; font_weight=&#8221;600&#8243; animation_delay=&#8221;1000&#8243; el_class=&#8221;mb-2 d-inline-block&#8221; animation_type=&#8221;fadeInLeft&#8221;][vc_custom_heading text=&#8221;Escribe tu mensaje&#8221; font_container=&#8221;tag:h3|font_size:2.3em|text_align:left|color:%23183f72|line_height:1.2&#8243; use_theme_fonts=&#8221;yes&#8221; [&hellip;]<\/p>\n","protected":false},"author":1,"featured_media":0,"parent":0,"menu_order":0,"comment_status":"closed","ping_status":"closed","template":"","meta":[],"acf":[],"yoast_head":"<!-- This site is optimized with the Yoast SEO plugin v20.1 - https:\/\/yoast.com\/wordpress\/plugins\/seo\/ -->\n<title>Cont\u00e1ctanos - LABPAP<\/title>\n<meta name=\"robots\" content=\"index, follow, max-snippet:-1, max-image-preview:large, max-video-preview:-1\" \/>\n<link rel=\"canonical\" href=\"https:\/\/labpap.com.mx\/sitio\/contacto\/\" \/>\n<meta property=\"og:locale\" content=\"es_MX\" \/>\n<meta property=\"og:type\" content=\"article\" \/>\n<meta property=\"og:title\" content=\"Cont\u00e1ctanos - LABPAP\" \/>\n<meta property=\"og:description\" content=\"[vc_row equal_height=&#8221;yes&#8221; wrap_container=&#8221;yes&#8221; css=&#8221;.vc_custom_1673897954972{background-color: #f7f7f7 !important;}&#8221; conditional_render=&#8221;%5B%7B%22value_role%22%3A%22administrator%22%7D%5D&#8221;][vc_column el_class=&#8221;contact-info&#8221; offset=&#8221;vc_col-lg-7 vc_col-md-7&#8243;][vc_row_inner content_placement=&#8221;middle&#8221; el_class=&#8221;py-5 my-5&#8243;][vc_column_inner width=&#8221;1\/2&#8243;][vc_empty_space height=&#8221;42px&#8221;][\/vc_column_inner][vc_column_inner width=&#8221;1\/2&#8243;][vc_empty_space height=&#8221;42px&#8221;][\/vc_column_inner][\/vc_row_inner][\/vc_column][vc_column el_class=&#8221;fluid-col-lg-5&#8243; offset=&#8221;vc_col-lg-5 vc_col-md-5&#8243;][\/vc_column][\/vc_row][vc_row wrap_container=&#8221;yes&#8221; el_class=&#8221;py-5 mt-5&#8243;][vc_column conditional_render=&#8221;%5B%7B%22value_role%22%3A%22administrator%22%7D%5D&#8221;][vc_separator color=&#8221;custom&#8221; border_width=&#8221;3&#8243; css_animation=&#8221;slideInLeft&#8221; style=&#8221;solid&#8221; el_class=&#8221;custom-border customLineAnimation d-inline-block me-3 mb-1&#8243; accent_color=&#8221;#00a1cd&#8221;][vc_custom_heading text=&#8221;C O N T A C T O&#8221; font_container=&#8221;tag:h4|font_size:1.2em|text_align:left|color:%2300a1cd|line_height:1.3&#8243; use_theme_fonts=&#8221;yes&#8221; text_transform=&#8221;text-uppercase&#8221; font_weight=&#8221;600&#8243; animation_delay=&#8221;1000&#8243; el_class=&#8221;mb-2 d-inline-block&#8221; animation_type=&#8221;fadeInLeft&#8221;][vc_custom_heading text=&#8221;Escribe tu mensaje&#8221; font_container=&#8221;tag:h3|font_size:2.3em|text_align:left|color:%23183f72|line_height:1.2&#8243; use_theme_fonts=&#8221;yes&#8221; [&hellip;]\" \/>\n<meta property=\"og:url\" content=\"https:\/\/labpap.com.mx\/sitio\/contacto\/\" \/>\n<meta property=\"og:site_name\" content=\"LABPAP\" \/>\n<meta property=\"article:publisher\" content=\"https:\/\/www.facebook.com\/labpapmexico\" \/>\n<meta property=\"article:modified_time\" content=\"2023-01-16T21:05:55+00:00\" \/>\n<meta name=\"twitter:card\" content=\"summary_large_image\" \/>\n<meta name=\"twitter:label1\" content=\"Tiempo de lectura\" \/>\n\t<meta name=\"twitter:data1\" content=\"4 minutos\" \/>\n<script type=\"application\/ld+json\" class=\"yoast-schema-graph\">{\"@context\":\"https:\/\/schema.org\",\"@graph\":[{\"@type\":\"WebPage\",\"@id\":\"https:\/\/labpap.com.mx\/sitio\/contacto\/\",\"url\":\"https:\/\/labpap.com.mx\/sitio\/contacto\/\",\"name\":\"Cont\u00e1ctanos - LABPAP\",\"isPartOf\":{\"@id\":\"https:\/\/labpap.com.mx\/sitio\/#website\"},\"datePublished\":\"2020-12-22T07:43:51+00:00\",\"dateModified\":\"2023-01-16T21:05:55+00:00\",\"breadcrumb\":{\"@id\":\"https:\/\/labpap.com.mx\/sitio\/contacto\/#breadcrumb\"},\"inLanguage\":\"es-MX\",\"potentialAction\":[{\"@type\":\"ReadAction\",\"target\":[\"https:\/\/labpap.com.mx\/sitio\/contacto\/\"]}]},{\"@type\":\"BreadcrumbList\",\"@id\":\"https:\/\/labpap.com.mx\/sitio\/contacto\/#breadcrumb\",\"itemListElement\":[{\"@type\":\"ListItem\",\"position\":1,\"name\":\"Inicio\",\"item\":\"https:\/\/labpap.com.mx\/sitio\/\"},{\"@type\":\"ListItem\",\"position\":2,\"name\":\"Cont\u00e1ctanos\"}]},{\"@type\":\"WebSite\",\"@id\":\"https:\/\/labpap.com.mx\/sitio\/#website\",\"url\":\"https:\/\/labpap.com.mx\/sitio\/\",\"name\":\"LABPAP\",\"description\":\"Pat\u00f3logos Asociados del Pedregal\",\"publisher\":{\"@id\":\"https:\/\/labpap.com.mx\/sitio\/#organization\"},\"potentialAction\":[{\"@type\":\"SearchAction\",\"target\":{\"@type\":\"EntryPoint\",\"urlTemplate\":\"https:\/\/labpap.com.mx\/sitio\/?s={search_term_string}\"},\"query-input\":\"required name=search_term_string\"}],\"inLanguage\":\"es-MX\"},{\"@type\":\"Organization\",\"@id\":\"https:\/\/labpap.com.mx\/sitio\/#organization\",\"name\":\"P\u00e1tologos Asociados del Pedregal\",\"url\":\"https:\/\/labpap.com.mx\/sitio\/\",\"logo\":{\"@type\":\"ImageObject\",\"inLanguage\":\"es-MX\",\"@id\":\"https:\/\/labpap.com.mx\/sitio\/#\/schema\/logo\/image\/\",\"url\":\"https:\/\/labpap.com.mx\/sitio\/wp-content\/uploads\/2023\/01\/Logotipo-LABPAP-240px.png\",\"contentUrl\":\"https:\/\/labpap.com.mx\/sitio\/wp-content\/uploads\/2023\/01\/Logotipo-LABPAP-240px.png\",\"width\":240,\"height\":54,\"caption\":\"P\u00e1tologos Asociados del Pedregal\"},\"image\":{\"@id\":\"https:\/\/labpap.com.mx\/sitio\/#\/schema\/logo\/image\/\"},\"sameAs\":[\"https:\/\/www.facebook.com\/labpapmexico\",\"https:\/\/www.instagram.com\/labpapmx\"]}]}<\/script>\n<!-- \/ Yoast SEO plugin. -->","yoast_head_json":{"title":"Cont\u00e1ctanos - LABPAP","robots":{"index":"index","follow":"follow","max-snippet":"max-snippet:-1","max-image-preview":"max-image-preview:large","max-video-preview":"max-video-preview:-1"},"canonical":"https:\/\/labpap.com.mx\/sitio\/contacto\/","og_locale":"es_MX","og_type":"article","og_title":"Cont\u00e1ctanos - LABPAP","og_description":"[vc_row equal_height=&#8221;yes&#8221; wrap_container=&#8221;yes&#8221; css=&#8221;.vc_custom_1673897954972{background-color: #f7f7f7 !important;}&#8221; conditional_render=&#8221;%5B%7B%22value_role%22%3A%22administrator%22%7D%5D&#8221;][vc_column el_class=&#8221;contact-info&#8221; offset=&#8221;vc_col-lg-7 vc_col-md-7&#8243;][vc_row_inner content_placement=&#8221;middle&#8221; el_class=&#8221;py-5 my-5&#8243;][vc_column_inner width=&#8221;1\/2&#8243;][vc_empty_space height=&#8221;42px&#8221;][\/vc_column_inner][vc_column_inner width=&#8221;1\/2&#8243;][vc_empty_space height=&#8221;42px&#8221;][\/vc_column_inner][\/vc_row_inner][\/vc_column][vc_column el_class=&#8221;fluid-col-lg-5&#8243; offset=&#8221;vc_col-lg-5 vc_col-md-5&#8243;][\/vc_column][\/vc_row][vc_row wrap_container=&#8221;yes&#8221; el_class=&#8221;py-5 mt-5&#8243;][vc_column conditional_render=&#8221;%5B%7B%22value_role%22%3A%22administrator%22%7D%5D&#8221;][vc_separator color=&#8221;custom&#8221; border_width=&#8221;3&#8243; css_animation=&#8221;slideInLeft&#8221; style=&#8221;solid&#8221; el_class=&#8221;custom-border customLineAnimation d-inline-block me-3 mb-1&#8243; accent_color=&#8221;#00a1cd&#8221;][vc_custom_heading text=&#8221;C O N T A C T O&#8221; font_container=&#8221;tag:h4|font_size:1.2em|text_align:left|color:%2300a1cd|line_height:1.3&#8243; use_theme_fonts=&#8221;yes&#8221; text_transform=&#8221;text-uppercase&#8221; font_weight=&#8221;600&#8243; animation_delay=&#8221;1000&#8243; el_class=&#8221;mb-2 d-inline-block&#8221; animation_type=&#8221;fadeInLeft&#8221;][vc_custom_heading text=&#8221;Escribe tu mensaje&#8221; font_container=&#8221;tag:h3|font_size:2.3em|text_align:left|color:%23183f72|line_height:1.2&#8243; use_theme_fonts=&#8221;yes&#8221; [&hellip;]","og_url":"https:\/\/labpap.com.mx\/sitio\/contacto\/","og_site_name":"LABPAP","article_publisher":"https:\/\/www.facebook.com\/labpapmexico","article_modified_time":"2023-01-16T21:05:55+00:00","twitter_card":"summary_large_image","twitter_misc":{"Tiempo de lectura":"4 minutos"},"schema":{"@context":"https:\/\/schema.org","@graph":[{"@type":"WebPage","@id":"https:\/\/labpap.com.mx\/sitio\/contacto\/","url":"https:\/\/labpap.com.mx\/sitio\/contacto\/","name":"Cont\u00e1ctanos - LABPAP","isPartOf":{"@id":"https:\/\/labpap.com.mx\/sitio\/#website"},"datePublished":"2020-12-22T07:43:51+00:00","dateModified":"2023-01-16T21:05:55+00:00","breadcrumb":{"@id":"https:\/\/labpap.com.mx\/sitio\/contacto\/#breadcrumb"},"inLanguage":"es-MX","potentialAction":[{"@type":"ReadAction","target":["https:\/\/labpap.com.mx\/sitio\/contacto\/"]}]},{"@type":"BreadcrumbList","@id":"https:\/\/labpap.com.mx\/sitio\/contacto\/#breadcrumb","itemListElement":[{"@type":"ListItem","position":1,"name":"Inicio","item":"https:\/\/labpap.com.mx\/sitio\/"},{"@type":"ListItem","position":2,"name":"Cont\u00e1ctanos"}]},{"@type":"WebSite","@id":"https:\/\/labpap.com.mx\/sitio\/#website","url":"https:\/\/labpap.com.mx\/sitio\/","name":"LABPAP","description":"Pat\u00f3logos Asociados del Pedregal","publisher":{"@id":"https:\/\/labpap.com.mx\/sitio\/#organization"},"potentialAction":[{"@type":"SearchAction","target":{"@type":"EntryPoint","urlTemplate":"https:\/\/labpap.com.mx\/sitio\/?s={search_term_string}"},"query-input":"required name=search_term_string"}],"inLanguage":"es-MX"},{"@type":"Organization","@id":"https:\/\/labpap.com.mx\/sitio\/#organization","name":"P\u00e1tologos Asociados del Pedregal","url":"https:\/\/labpap.com.mx\/sitio\/","logo":{"@type":"ImageObject","inLanguage":"es-MX","@id":"https:\/\/labpap.com.mx\/sitio\/#\/schema\/logo\/image\/","url":"https:\/\/labpap.com.mx\/sitio\/wp-content\/uploads\/2023\/01\/Logotipo-LABPAP-240px.png","contentUrl":"https:\/\/labpap.com.mx\/sitio\/wp-content\/uploads\/2023\/01\/Logotipo-LABPAP-240px.png","width":240,"height":54,"caption":"P\u00e1tologos Asociados del Pedregal"},"image":{"@id":"https:\/\/labpap.com.mx\/sitio\/#\/schema\/logo\/image\/"},"sameAs":["https:\/\/www.facebook.com\/labpapmexico","https:\/\/www.instagram.com\/labpapmx"]}]}},"_links":{"self":[{"href":"https:\/\/labpap.com.mx\/sitio\/wp-json\/wp\/v2\/pages\/612"}],"collection":[{"href":"https:\/\/labpap.com.mx\/sitio\/wp-json\/wp\/v2\/pages"}],"about":[{"href":"https:\/\/labpap.com.mx\/sitio\/wp-json\/wp\/v2\/types\/page"}],"author":[{"embeddable":true,"href":"https:\/\/labpap.com.mx\/sitio\/wp-json\/wp\/v2\/users\/1"}],"replies":[{"embeddable":true,"href":"https:\/\/labpap.com.mx\/sitio\/wp-json\/wp\/v2\/comments?post=612"}],"version-history":[{"count":11,"href":"https:\/\/labpap.com.mx\/sitio\/wp-json\/wp\/v2\/pages\/612\/revisions"}],"predecessor-version":[{"id":4311,"href":"https:\/\/labpap.com.mx\/sitio\/wp-json\/wp\/v2\/pages\/612\/revisions\/4311"}],"wp:attachment":[{"href":"https:\/\/labpap.com.mx\/sitio\/wp-json\/wp\/v2\/media?parent=612"}],"curies":[{"name":"wp","href":"https:\/\/api.w.org\/{rel}","templated":true}]}}